{"id":1052,"date":"2021-09-09T17:32:48","date_gmt":"2021-09-09T17:32:48","guid":{"rendered":"http:\/\/adamaxtransport.eu\/?page_id=1052"},"modified":"2024-05-31T12:27:45","modified_gmt":"2024-05-31T12:27:45","slug":"zapytanie-ofertowe","status":"publish","type":"page","link":"https:\/\/adamaxtransport.eu\/en\/zapytanie-ofertowe\/","title":{"rendered":"Zapytaj o wycen\u0119 &#8211; transport  l Adamaxtransport"},"content":{"rendered":"<div data-elementor-type=\"wp-page\" data-elementor-id=\"1052\" class=\"elementor elementor-1052\" data-elementor-post-type=\"page\">\n\t\t\t\t<div class=\"elementor-element elementor-element-916dab8 e-flex e-con-boxed e-con e-parent\" data-id=\"916dab8\" data-element_type=\"container\" data-settings=\"{&quot;_ha_eqh_enable&quot;:false}\">\n\t\t\t\t\t<div class=\"e-con-inner\">\n\t\t<div class=\"elementor-element elementor-element-5119e29 e-con-full animated-fast e-flex elementor-invisible e-con e-child\" data-id=\"5119e29\" data-element_type=\"container\" data-settings=\"{&quot;animation&quot;:&quot;fadeInLeft&quot;,&quot;_ha_eqh_enable&quot;:false}\">\n\t\t\t\t<div class=\"elementor-element elementor-element-1ec73b0 elementor-widget elementor-widget-heading\" data-id=\"1ec73b0\" data-element_type=\"widget\" data-widget_type=\"heading.default\">\n\t\t\t\t<div class=\"elementor-widget-container\">\n\t\t\t<h2 class=\"elementor-heading-title elementor-size-default\">TRANSPORT QUOTE <\/h2>\t\t<\/div>\n\t\t\t\t<\/div>\n\t\t\t\t<div class=\"elementor-element elementor-element-bd2249b elementor-widget elementor-widget-text-editor\" data-id=\"bd2249b\" data-element_type=\"widget\" data-widget_type=\"text-editor.default\">\n\t\t\t\t<div class=\"elementor-widget-container\">\n\t\t\t\t\t\t\t<p>W celu wyceny transportu swojego towaru wype\u0142nij formularz lub napisze bezpo\u015brednio:\u00a0<\/p>\t\t\t\t\t\t<\/div>\n\t\t\t\t<\/div>\n\t\t\t\t<div class=\"elementor-element elementor-element-56167cc elementor-position-left elementor-mobile-position-left elementor-view-default elementor-vertical-align-top elementor-widget elementor-widget-icon-box\" data-id=\"56167cc\" data-element_type=\"widget\" data-widget_type=\"icon-box.default\">\n\t\t\t\t<div class=\"elementor-widget-container\">\n\t\t\t\t\t<div class=\"elementor-icon-box-wrapper\">\n\n\t\t\t\t\t\t<div class=\"elementor-icon-box-icon\">\n\t\t\t\t<span  class=\"elementor-icon elementor-animation-\">\n\t\t\t\t<i aria-hidden=\"true\" class=\"fas fa-envelope\"><\/i>\t\t\t\t<\/span>\n\t\t\t<\/div>\n\t\t\t\n\t\t\t\t\t\t<div class=\"elementor-icon-box-content\">\n\n\t\t\t\t\t\t\t\t\t<h3 class=\"elementor-icon-box-title\">\n\t\t\t\t\t\t<span  >\n\t\t\t\t\t\t\toffice@adamaxtransport.eu\t\t\t\t\t\t<\/span>\n\t\t\t\t\t<\/h3>\n\t\t\t\t\n\t\t\t\t\n\t\t\t<\/div>\n\t\t\t\n\t\t<\/div>\n\t\t\t\t<\/div>\n\t\t\t\t<\/div>\n\t\t\t\t<\/div>\n\t\t<div class=\"elementor-element elementor-element-25467dc e-con-full animated-fast e-flex elementor-invisible e-con e-child\" data-id=\"25467dc\" data-element_type=\"container\" data-settings=\"{&quot;animation&quot;:&quot;fadeInRight&quot;,&quot;_ha_eqh_enable&quot;:false}\">\n\t\t\t\t<div class=\"elementor-element elementor-element-1026a24 premium-lottie-svg elementor-widget elementor-widget-premium-lottie\" data-id=\"1026a24\" data-element_type=\"widget\" data-settings=\"{&quot;lottie_file&quot;:{&quot;url&quot;:&quot;https:\\\/\\\/adamaxtransport.eu\\\/wp-content\\\/uploads\\\/2023\\\/07\\\/Animation-16898jh65341176.json&quot;,&quot;id&quot;:7096,&quot;size&quot;:&quot;&quot;,&quot;alt&quot;:&quot;&quot;,&quot;source&quot;:&quot;library&quot;}}\" data-widget_type=\"premium-lottie.default\">\n\t\t\t\t<div class=\"elementor-widget-container\">\n\t\t\t\n\t\t<div class=\"premium-lottie-animation\" data-lottie-url=\"https:\/\/adamaxtransport.eu\/wp-content\/uploads\/2023\/07\/Animation-16898jh65341176.json\" data-lottie-loop=\"true\" data-lottie-reverse=\"\" data-lottie-hover=\"\" data-lottie-speed=\"1\" data-lottie-render=\"svg\">\n\t\t\t\t\t<\/div>\n\n\t\t\t\t<\/div>\n\t\t\t\t<\/div>\n\t\t\t\t<\/div>\n\t\t\t\t\t<\/div>\n\t\t\t\t<\/div>\n\t\t<div class=\"elementor-element elementor-element-dcccdcc animated-fast e-flex e-con-boxed elementor-invisible e-con e-parent\" data-id=\"dcccdcc\" data-element_type=\"container\" data-settings=\"{&quot;animation&quot;:&quot;fadeInUp&quot;,&quot;_ha_eqh_enable&quot;:false}\">\n\t\t\t\t\t<div class=\"e-con-inner\">\n\t\t\t\t<div class=\"elementor-element elementor-element-ce61d00 elementor-widget elementor-widget-shortcode\" data-id=\"ce61d00\" data-element_type=\"widget\" data-widget_type=\"shortcode.default\">\n\t\t\t\t<div class=\"elementor-widget-container\">\n\t\t\t\t\t<div class=\"elementor-shortcode\"><div class=\"forminator-ui forminator-custom-form forminator-custom-form-7289 forminator-design--default  forminator_ajax\" data-forminator-render=\"0\" data-form=\"forminator-module-7289\" data-uid=\"69f41a6644c37\"><br\/><\/div><form\n\t\t\t\tid=\"forminator-module-7289\"\n\t\t\t\tclass=\"forminator-ui forminator-custom-form forminator-custom-form-7289 forminator-design--default  forminator_ajax\"\n\t\t\t\tmethod=\"post\"\n\t\t\t\tdata-forminator-render=\"0\"\n\t\t\t\tdata-form-id=\"7289\"\n\t\t\t\t\n\t\t\t\tdata-design=\"default\"\n\t\t\t\t\n\t\t\t\t\n\t\t\t\t\n\t\t\t\tdata-grid=\"open\"\n\t\t\t\t\n\t\t\t\t\n\t\t\t\tstyle=\"display: none;\"\n\t\t\t\t\n\t\t\t\tdata-uid=\"69f41a6644c37\" action=\"\"\n\t\t\t><div class=\"forminator-response-message forminator-error\" aria-hidden=\"true\"><\/div><div class=\"forminator-row\"><div id=\"section-2\" class=\"forminator-col forminator-col-12\"><div class=\"forminator-field\"><h2 class=\"forminator-title\">Concat details<\/h2><\/div><\/div><\/div><div class=\"forminator-row\"><div id=\"name-1\" class=\"forminator-col forminator-col-12\"><div class=\"forminator-field\"><input type=\"text\" name=\"name-1\" value=\"\" placeholder=\"Company\" id=\"forminator-field-name-1_69f41a6644c37\" class=\"forminator-input forminator-name--field\" aria-required=\"true\" \/><\/div><\/div><\/div><div class=\"forminator-row\"><div id=\"email-1\" class=\"forminator-col forminator-col-12\"><div class=\"forminator-field\"><input type=\"email\" name=\"email-1\" value=\"\" placeholder=\"Adres e-mail\" id=\"forminator-field-email-1_69f41a6644c37\" class=\"forminator-input forminator-email--field\" data-required=\"1\" aria-required=\"true\" \/><\/div><\/div><\/div><div class=\"forminator-row\"><div id=\"phone-1\" class=\"forminator-col forminator-col-12\"><div class=\"forminator-field\"><input type=\"text\" name=\"phone-1\" value=\"\" placeholder=\"Numer telefonu\" id=\"forminator-field-phone-1_69f41a6644c37\" class=\"forminator-input forminator-field--phone\" data-required=\"1\" aria-required=\"true\" autocomplete=\"off\" \/><\/div><\/div><\/div><div class=\"forminator-row\"><div id=\"section-4\" class=\"forminator-col forminator-col-12\"><div class=\"forminator-field\"><\/div><\/div><\/div><div class=\"forminator-row\"><div id=\"section-1\" class=\"forminator-col forminator-col-12\"><div class=\"forminator-field\"><h2 class=\"forminator-title\">Za\u0142adunek<\/h2><\/div><\/div><\/div><div class=\"forminator-row\"><div id=\"date-1\" class=\"forminator-col forminator-col-12\"><div class=\"forminator-field\"><div class=\"forminator-input-with-icon\"><label for=\"forminator-field-date-1-picker_69f41a6644c37\"><span class=\"forminator-icon-calendar\" aria-hidden=\"true\"><\/span><\/label><input autocomplete=\"off\" type=\"text\" size=\"1\" name=\"date-1\" value=\"\" placeholder=\"Data za\u0142adunku\" id=\"forminator-field-date-1-picker_69f41a6644c37\" class=\"forminator-input forminator-datepicker\" data-required=\"\" data-format=\"dd\/mm\/yy\" data-restrict-type=\"\" data-restrict=\"\" data-start-year=\"1926\" data-end-year=\"2126\" data-past-dates=\"enable\" data-start-of-week=\"1\" data-start-date=\"\" data-end-date=\"\" data-start-field=\"\" data-end-field=\"\" data-start-offset=\"\" data-end-offset=\"\" data-disable-date=\"\" data-disable-range=\"\" \/><\/div><\/div><\/div><\/div><div class=\"forminator-row\"><div id=\"text-4\" class=\"forminator-col forminator-col-6\"><div class=\"forminator-field\"><input type=\"text\" name=\"text-4\" value=\"\" placeholder=\"Kraj za\u0142adunku\" id=\"forminator-field-text-4_69f41a6644c37\" class=\"forminator-input forminator-name--field\" data-required=\"\" \/><\/div><\/div><div id=\"text-2\" class=\"forminator-col forminator-col-6\"><div class=\"forminator-field\"><input type=\"text\" name=\"text-2\" value=\"\" placeholder=\"Miasto za\u0142adunku\" id=\"forminator-field-text-2_69f41a6644c37\" class=\"forminator-input forminator-name--field\" data-required=\"\" \/><\/div><\/div><\/div><div class=\"forminator-row\"><div id=\"textarea-1\" class=\"forminator-col forminator-col-12\"><div class=\"forminator-field\"><textarea name=\"textarea-1\" placeholder=\"Podaj rodzaj, ilo\u015b\u0107 oraz wymagania dotycz\u0105ce Twojego towaru\" id=\"forminator-field-textarea-1_69f41a6644c37\" class=\"forminator-textarea\" rows=\"6\" style=\"min-height:140px;\" ><\/textarea><\/div><\/div><\/div><div class=\"forminator-row\"><div id=\"text-8\" class=\"forminator-col forminator-col-12\"><div class=\"forminator-field\"><input type=\"text\" name=\"text-8\" value=\"\" placeholder=\"Wymagania specjalne\" id=\"forminator-field-text-8_69f41a6644c37\" class=\"forminator-input forminator-name--field\" data-required=\"\" \/><\/div><\/div><\/div><div class=\"forminator-row\"><div id=\"checkbox-1\" class=\"forminator-col forminator-col-12\"><div role=\"group\" class=\"forminator-field\" aria-labelledby=\"forminator-checkbox-group-69f41a6644c37-label\"><h4 id=\"forminator-checkbox-group-69f41a6644c37-label\" class=\"forminator-label\">Wymiana palet lub opakowa\u0144<\/h4><label for=\"forminator-field-checkbox-1-1-69f41a6644c37\" class=\"forminator-checkbox\" title=\"TAK\"><input type=\"checkbox\" name=\"checkbox-1[]\" value=\"one\" id=\"forminator-field-checkbox-1-1-69f41a6644c37\" data-calculation=\"0\"   data-hidden-behavior=\"zero\" aria-describedby=\"forminator-field-checkbox-1-69f41a6644c37-description\"\/><span class=\"forminator-checkbox-box\" aria-hidden=\"true\"><\/span><span class=\"forminator-checkbox-label\">TAK<\/span><\/label><label for=\"forminator-field-checkbox-1-2-69f41a6644c37\" class=\"forminator-checkbox\" title=\"NIE\"><input type=\"checkbox\" name=\"checkbox-1[]\" value=\"two\" id=\"forminator-field-checkbox-1-2-69f41a6644c37\" data-calculation=\"0\"   data-hidden-behavior=\"zero\" aria-describedby=\"forminator-field-checkbox-1-69f41a6644c37-description\"\/><span class=\"forminator-checkbox-box\" aria-hidden=\"true\"><\/span><span class=\"forminator-checkbox-label\">NIE<\/span><\/label><\/div><\/div><\/div><div class=\"forminator-row\"><div id=\"section-5\" class=\"forminator-col forminator-col-12\"><div class=\"forminator-field\"><\/div><\/div><\/div><div class=\"forminator-row\"><div id=\"section-3\" class=\"forminator-col forminator-col-12\"><div class=\"forminator-field\"><h2 class=\"forminator-title\">Roz\u0142adunek<\/h2><\/div><\/div><\/div><div class=\"forminator-row\"><div id=\"date-2\" class=\"forminator-col forminator-col-12\"><div class=\"forminator-field\"><div class=\"forminator-input-with-icon\"><label for=\"forminator-field-date-2-picker_69f41a6644c37\"><span class=\"forminator-icon-calendar\" aria-hidden=\"true\"><\/span><\/label><input autocomplete=\"off\" type=\"text\" size=\"1\" name=\"date-2\" value=\"\" placeholder=\"Data roz\u0142adunku\" id=\"forminator-field-date-2-picker_69f41a6644c37\" class=\"forminator-input forminator-datepicker\" data-required=\"\" data-format=\"dd\/mm\/yy\" data-restrict-type=\"\" data-restrict=\"\" data-start-year=\"1926\" data-end-year=\"2126\" data-past-dates=\"enable\" data-start-of-week=\"1\" data-start-date=\"\" data-end-date=\"\" data-start-field=\"\" data-end-field=\"\" data-start-offset=\"\" data-end-offset=\"\" data-disable-date=\"\" data-disable-range=\"\" \/><\/div><\/div><\/div><\/div><div class=\"forminator-row\"><div id=\"text-5\" class=\"forminator-col forminator-col-6\"><div class=\"forminator-field\"><input type=\"text\" name=\"text-5\" value=\"\" placeholder=\"Kraj roz\u0142adunku\" id=\"forminator-field-text-5_69f41a6644c37\" class=\"forminator-input forminator-name--field\" data-required=\"\" \/><\/div><\/div><div id=\"text-6\" class=\"forminator-col forminator-col-6\"><div class=\"forminator-field\"><input type=\"text\" name=\"text-6\" value=\"\" placeholder=\"Miasto roz\u0142adunku\" id=\"forminator-field-text-6_69f41a6644c37\" class=\"forminator-input forminator-name--field\" data-required=\"\" \/><\/div><\/div><\/div><div class=\"forminator-row\"><div id=\"text-7\" class=\"forminator-col forminator-col-12\"><div class=\"forminator-field\"><input type=\"text\" name=\"text-7\" value=\"\" placeholder=\"Wymagania specjalne\" id=\"forminator-field-text-7_69f41a6644c37\" class=\"forminator-input forminator-name--field\" data-required=\"\" \/><\/div><\/div><\/div><div class=\"forminator-row\"><div id=\"checkbox-2\" class=\"forminator-col forminator-col-12\"><div role=\"group\" class=\"forminator-field\" aria-labelledby=\"forminator-checkbox-group-69f41a6644c37-label\"><h4 id=\"forminator-checkbox-group-69f41a6644c37-label\" class=\"forminator-label\">Wymiana palet lub opakowa\u0144<\/h4><label for=\"forminator-field-checkbox-2-1-69f41a6644c37\" class=\"forminator-checkbox\" title=\"TAK\"><input type=\"checkbox\" name=\"checkbox-2[]\" value=\"one\" id=\"forminator-field-checkbox-2-1-69f41a6644c37\" data-calculation=\"0\"   data-hidden-behavior=\"zero\" aria-describedby=\"forminator-field-checkbox-2-69f41a6644c37-description\"\/><span class=\"forminator-checkbox-box\" aria-hidden=\"true\"><\/span><span class=\"forminator-checkbox-label\">TAK<\/span><\/label><label for=\"forminator-field-checkbox-2-2-69f41a6644c37\" class=\"forminator-checkbox\" title=\"NIE\"><input type=\"checkbox\" name=\"checkbox-2[]\" value=\"two\" id=\"forminator-field-checkbox-2-2-69f41a6644c37\" data-calculation=\"0\"   data-hidden-behavior=\"zero\" aria-describedby=\"forminator-field-checkbox-2-69f41a6644c37-description\"\/><span class=\"forminator-checkbox-box\" aria-hidden=\"true\"><\/span><span class=\"forminator-checkbox-label\">NIE<\/span><\/label><\/div><\/div><\/div><div class=\"forminator-row\"><div id=\"section-6\" class=\"forminator-col forminator-col-12\"><div class=\"forminator-field\"><h2 class=\"forminator-title\">--------------------------<\/h2><\/div><\/div><\/div><div class=\"forminator-row\"><div id=\"checkbox-3\" class=\"forminator-col forminator-col-12\"><div role=\"group\" class=\"forminator-field required\" aria-labelledby=\"forminator-checkbox-group-69f41a6644c37-label\"><label for=\"forminator-field-checkbox-3-1-69f41a6644c37\" class=\"forminator-checkbox forminator-checkbox-inline\" title=\"Wyra\u017cam zgod\u0119 na przetwarzanie moich danych osobowych wpisanych w formularzu przez Adamax Sp. z o.o. z siedzib\u0105 w Wolkowie, w celu realizacji z\u0142o\u017conego przeze mnie zapytania.\"><input type=\"checkbox\" name=\"checkbox-3[]\" value=\"one\" id=\"forminator-field-checkbox-3-1-69f41a6644c37\" data-calculation=\"0\"   data-hidden-behavior=\"zero\" aria-describedby=\"forminator-field-checkbox-3-69f41a6644c37-description\"\/><span class=\"forminator-checkbox-box\" aria-hidden=\"true\"><\/span><span class=\"forminator-checkbox-label\">Wyra\u017cam zgod\u0119 na przetwarzanie moich danych osobowych wpisanych w formularzu przez Adamax Sp. z o.o. z siedzib\u0105 w Wolkowie, w celu realizacji z\u0142o\u017conego przeze mnie zapytania.<\/span><\/label><\/div><\/div><\/div><div class=\"forminator-row\"><div id=\"checkbox-4\" class=\"forminator-col forminator-col-12\"><div role=\"group\" class=\"forminator-field required\" aria-labelledby=\"forminator-checkbox-group-69f41a6644c37-label\"><label for=\"forminator-field-checkbox-4-1-69f41a6644c37\" class=\"forminator-checkbox forminator-checkbox-inline\" title=\"O\u015bwiadczam, \u017ce zapozna\u0142em\/\u0142am si\u0119 z Polityk\u0105 Prywatno\u015bci i akceptuj\u0119 jej warunki.\"><input type=\"checkbox\" name=\"checkbox-4[]\" value=\"one\" id=\"forminator-field-checkbox-4-1-69f41a6644c37\" data-calculation=\"0\"   data-hidden-behavior=\"zero\" aria-describedby=\"forminator-field-checkbox-4-69f41a6644c37-description\"\/><span class=\"forminator-checkbox-box\" aria-hidden=\"true\"><\/span><span class=\"forminator-checkbox-label\">O\u015bwiadczam, \u017ce zapozna\u0142em\/\u0142am si\u0119 z Polityk\u0105 Prywatno\u015bci i akceptuj\u0119 jej warunki.<\/span><\/label><span id=\"forminator-field-checkbox-4-69f41a6644c37-description\" class=\"forminator-description\">https:\/\/adamaxtransport.eu\/polityka-prywatnosci\/<\/span><\/div><\/div><\/div><div class=\"forminator-row\"><div id=\"checkbox-5\" class=\"forminator-col forminator-col-12\"><div role=\"group\" class=\"forminator-field required\" aria-labelledby=\"forminator-checkbox-group-69f41a6644c37-label\"><label for=\"forminator-field-checkbox-5-1-69f41a6644c37\" class=\"forminator-checkbox forminator-checkbox-inline\" title=\"O\u015bwiadczam, \u017ce zapozna\u0142em\/\u0142am si\u0119 z obowi\u0105zkiem informacyjnym dotycz\u0105cym RODO\/GDPR.\"><input type=\"checkbox\" name=\"checkbox-5[]\" value=\"one\" id=\"forminator-field-checkbox-5-1-69f41a6644c37\" data-calculation=\"0\"   data-hidden-behavior=\"zero\" aria-describedby=\"forminator-field-checkbox-5-69f41a6644c37-description\"\/><span class=\"forminator-checkbox-box\" aria-hidden=\"true\"><\/span><span class=\"forminator-checkbox-label\">O\u015bwiadczam, \u017ce zapozna\u0142em\/\u0142am si\u0119 z obowi\u0105zkiem informacyjnym dotycz\u0105cym RODO\/GDPR.<\/span><\/label><span id=\"forminator-field-checkbox-5-69f41a6644c37-description\" class=\"forminator-description\">https:\/\/adamaxtransport.eu\/rodo\/<\/span><\/div><\/div><\/div><input type=\"hidden\" name=\"referer_url\" value=\"\" \/><div class=\"forminator-row forminator-row-last\"><div class=\"forminator-col\"><div class=\"forminator-field\"><button class=\"forminator-button forminator-button-submit\">Prze\u015blij<\/button><\/div><\/div><\/div><input type=\"hidden\" id=\"forminator_nonce\" name=\"forminator_nonce\" value=\"658ec3e318\" \/><input type=\"hidden\" name=\"_wp_http_referer\" value=\"\/en\/wp-json\/wp\/v2\/pages\/1052\" \/><input type=\"hidden\" name=\"form_id\" value=\"7289\"><input type=\"hidden\" name=\"page_id\" value=\"1052\"><input type=\"hidden\" name=\"form_type\" value=\"default\"><input type=\"hidden\" name=\"current_url\" value=\"https:\/\/adamaxtransport.eu\/en\/zapytanie-ofertowe\/\"><input type=\"hidden\" name=\"render_id\" value=\"0\"><input type=\"hidden\" name=\"action\" value=\"forminator_submit_form_custom-forms\"><input type=\"hidden\" name=\"trp-form-language\" value=\"en\"\/><\/form><\/div>\n\t\t\t\t<\/div>\n\t\t\t\t<\/div>\n\t\t\t\t\t<\/div>\n\t\t\t\t<\/div>\n\t\t\t\t<\/div>","protected":false},"excerpt":{"rendered":"<p>WYCENA TRANSPORTU W celu wyceny transportu swojego towaru wype\u0142nij formularz lub napisze bezpo\u015brednio:\u00a0 office@adamaxtransport.eu<\/p>","protected":false},"author":1,"featured_media":0,"parent":0,"menu_order":0,"comment_status":"closed","ping_status":"closed","template":"elementor_header_footer","meta":{"_kadence_starter_templates_imported_post":false,"_kad_post_transparent":"","_kad_post_title":"","_kad_post_layout":"","_kad_post_sidebar_id":"","_kad_post_content_style":"","_kad_post_vertical_padding":"","_kad_post_feature":"","_kad_post_feature_position":"","_kad_post_header":false,"_kad_post_footer":false,"footnotes":""},"class_list":["post-1052","page","type-page","status-publish","hentry"],"_links":{"self":[{"href":"https:\/\/adamaxtransport.eu\/en\/wp-json\/wp\/v2\/pages\/1052"}],"collection":[{"href":"https:\/\/adamaxtransport.eu\/en\/wp-json\/wp\/v2\/pages"}],"about":[{"href":"https:\/\/adamaxtransport.eu\/en\/wp-json\/wp\/v2\/types\/page"}],"author":[{"embeddable":true,"href":"https:\/\/adamaxtransport.eu\/en\/wp-json\/wp\/v2\/users\/1"}],"replies":[{"embeddable":true,"href":"https:\/\/adamaxtransport.eu\/en\/wp-json\/wp\/v2\/comments?post=1052"}],"version-history":[{"count":66,"href":"https:\/\/adamaxtransport.eu\/en\/wp-json\/wp\/v2\/pages\/1052\/revisions"}],"predecessor-version":[{"id":8989,"href":"https:\/\/adamaxtransport.eu\/en\/wp-json\/wp\/v2\/pages\/1052\/revisions\/8989"}],"wp:attachment":[{"href":"https:\/\/adamaxtransport.eu\/en\/wp-json\/wp\/v2\/media?parent=1052"}],"curies":[{"name":"wp","href":"https:\/\/api.w.org\/{rel}","templated":true}]}}