{"id":3383,"date":"2022-04-14T09:53:02","date_gmt":"2022-04-14T09:53:02","guid":{"rendered":"https:\/\/adamaxtransport.eu\/?page_id=3383"},"modified":"2024-02-22T13:23:22","modified_gmt":"2024-02-22T13:23:22","slug":"polityka-prywatnosci","status":"publish","type":"page","link":"https:\/\/adamaxtransport.eu\/en\/polityka-prywatnosci\/","title":{"rendered":"Privacy Policy"},"content":{"rendered":"<div data-elementor-type=\"wp-page\" data-elementor-id=\"3383\" class=\"elementor elementor-3383\" data-elementor-post-type=\"page\">\n\t\t\t\t<div class=\"elementor-element elementor-element-943c741 e-flex e-con-boxed e-con e-parent\" data-id=\"943c741\" data-element_type=\"container\" data-settings=\"{&quot;_ha_eqh_enable&quot;:false}\">\n\t\t\t\t\t<div class=\"e-con-inner\">\n\t\t\t\t<div class=\"elementor-element elementor-element-8e4abe5 elementor-widget elementor-widget-heading\" data-id=\"8e4abe5\" data-element_type=\"widget\" data-widget_type=\"heading.default\">\n\t\t\t\t<div class=\"elementor-widget-container\">\n\t\t\t<h2 class=\"elementor-heading-title elementor-size-default\"><b>INFORMACJA DOTYCZ\u0104CA<\/b> PLIK\u00d3W COOKIES<\/h2>\t\t<\/div>\n\t\t\t\t<\/div>\n\t\t\t\t\t<\/div>\n\t\t\t\t<\/div>\n\t\t<div class=\"elementor-element elementor-element-444df89 e-flex e-con-boxed e-con e-parent\" data-id=\"444df89\" data-element_type=\"container\" data-settings=\"{&quot;_ha_eqh_enable&quot;:false}\">\n\t\t\t\t\t<div class=\"e-con-inner\">\n\t\t\t\t<div class=\"elementor-element elementor-element-da57cac elementor-widget elementor-widget-text-editor\" data-id=\"da57cac\" data-element_type=\"widget\" data-widget_type=\"text-editor.default\">\n\t\t\t\t<div class=\"elementor-widget-container\">\n\t\t\t\t\t\t\t<p>1. W\u0142a\u015bcicielem Serwisu www.adamaxtransport.eu jest firma Adamax Sp. z o.o.<br \/>2. Serwis korzysta z plik\u00f3w cookies (ma\u0142ych plik\u00f3w tekstowych, kt\u00f3re s\u0105 zapisywane na komputerze U\u017cytkownika lub innym urz\u0105dzeniu elektronicznym umo\u017cliwiaj\u0105cym korzystanie z Serwisu, podczas korzystania przez U\u017cytkownika z Serwisu.<br \/>3. Pliki cookies wykorzystywane s\u0105 w nast\u0119puj\u0105cych celach:<br \/>a) tworzenie statystyk, kt\u00f3re pomagaj\u0105 zrozumie\u0107, w jaki spos\u00f3b U\u017cytkownicy korzystaj\u0105 z Serwisu,<br \/>b) potwierdzenie zamkni\u0119cia okna z informacj\u0105 dotycz\u0105c\u0105 plik\u00f3w cookies,<br \/>c) utrzymanie sesji U\u017cytkownika Serwisu (po zalogowaniu).<br \/>4. U\u017cytkownik Serwisu mo\u017ce zarz\u0105dza\u0107 plikami cookies wykorzystywanymi w Serwisie. W ustawieniach przegl\u0105darki internetowej U\u017cytkownik w ka\u017cdym czasie mo\u017ce dokona\u0107 zmiany ustawie\u0144 plik\u00f3w cookies i wybra\u0107 opcj\u0119 blokowania automatycznej obs\u0142ugi plik\u00f3w cookies.<br \/>5. Wyb\u00f3r opcji blokowania plik\u00f3w cookies przez U\u017cytkownika mo\u017ce spowodowa\u0107, \u017ce niekt\u00f3re funkcje Serwisu nie b\u0119d\u0105 dzia\u0142a\u0107 poprawnie.<br \/>6. Informacje dotycz\u0105ce ochrony danych osobowych s\u0105 zawarte w:\u00a0<span style=\"text-decoration: underline;\"><strong><a href=\"https:\/\/adamaxtransport.eu\/en\/rodo\/\">Informacja dotycz\u0105ca RODO.<\/a><\/strong><\/span><\/p><p><strong>HOSTING<\/strong><\/p><ol><li>Serwis jest hostowany (technicznie utrzymywany) na serwerach operatora: home.pl<\/li><\/ol><p><strong>WYBRANE METODY OCHRONY DANYCH STOSOWANE PRZEZ OPERATORA<\/strong><\/p><ol><li>Miejsca logowania i wprowadzania danych osobowych s\u0105 chronione w warstwie transmisji (certyfikat SSL). Dzi\u0119ki temu dane osobowe i dane logowania, wprowadzone na stronie, zostaj\u0105 zaszyfrowane w komputerze u\u017cytkownika i mog\u0105 by\u0107 odczytane jedynie na docelowym serwerze.<\/li><\/ol><h2 class=\"pb-12\">\u00a0<\/h2>\t\t\t\t\t\t<\/div>\n\t\t\t\t<\/div>\n\t\t\t\t\t<\/div>\n\t\t\t\t<\/div>\n\t\t\t\t<\/div>","protected":false},"excerpt":{"rendered":"<p>INFORMACJA DOTYCZ\u0104CA PLIK\u00d3W COOKIES 1. W\u0142a\u015bcicielem Serwisu www.adamaxtransport.eu jest firma Adamax Sp. z o.o.2. Serwis korzysta z plik\u00f3w cookies (ma\u0142ych plik\u00f3w tekstowych, kt\u00f3re s\u0105 zapisywane na komputerze U\u017cytkownika lub innym urz\u0105dzeniu elektronicznym umo\u017cliwiaj\u0105cym korzystanie z Serwisu, podczas korzystania przez U\u017cytkownika z Serwisu.3. Pliki cookies wykorzystywane s\u0105 w nast\u0119puj\u0105cych celach:a) tworzenie statystyk, kt\u00f3re pomagaj\u0105 zrozumie\u0107, w&#8230;<\/p>","protected":false},"author":1,"featured_media":0,"parent":0,"menu_order":0,"comment_status":"closed","ping_status":"closed","template":"","meta":{"_kadence_starter_templates_imported_post":false,"_kad_post_transparent":"","_kad_post_title":"","_kad_post_layout":"","_kad_post_sidebar_id":"","_kad_post_content_style":"","_kad_post_vertical_padding":"","_kad_post_feature":"","_kad_post_feature_position":"","_kad_post_header":false,"_kad_post_footer":false,"footnotes":""},"class_list":["post-3383","page","type-page","status-publish","hentry"],"_links":{"self":[{"href":"https:\/\/adamaxtransport.eu\/en\/wp-json\/wp\/v2\/pages\/3383"}],"collection":[{"href":"https:\/\/adamaxtransport.eu\/en\/wp-json\/wp\/v2\/pages"}],"about":[{"href":"https:\/\/adamaxtransport.eu\/en\/wp-json\/wp\/v2\/types\/page"}],"author":[{"embeddable":true,"href":"https:\/\/adamaxtransport.eu\/en\/wp-json\/wp\/v2\/users\/1"}],"replies":[{"embeddable":true,"href":"https:\/\/adamaxtransport.eu\/en\/wp-json\/wp\/v2\/comments?post=3383"}],"version-history":[{"count":9,"href":"https:\/\/adamaxtransport.eu\/en\/wp-json\/wp\/v2\/pages\/3383\/revisions"}],"predecessor-version":[{"id":8220,"href":"https:\/\/adamaxtransport.eu\/en\/wp-json\/wp\/v2\/pages\/3383\/revisions\/8220"}],"wp:attachment":[{"href":"https:\/\/adamaxtransport.eu\/en\/wp-json\/wp\/v2\/media?parent=3383"}],"curies":[{"name":"wp","href":"https:\/\/api.w.org\/{rel}","templated":true}]}}