{"id":3808,"date":"2022-08-03T11:16:50","date_gmt":"2022-08-03T11:16:50","guid":{"rendered":"https:\/\/adamaxtransport.eu\/?page_id=3808"},"modified":"2024-05-31T12:26:53","modified_gmt":"2024-05-31T12:26:53","slug":"wycena-magazynowanie","status":"publish","type":"page","link":"https:\/\/adamaxtransport.eu\/en\/wycena-magazynowanie\/","title":{"rendered":"Zapytaj o wycen\u0119 &#8211; magazynowanie  l Adamaxtransport"},"content":{"rendered":"<div data-elementor-type=\"wp-page\" data-elementor-id=\"3808\" class=\"elementor elementor-3808\" data-elementor-post-type=\"page\">\n\t\t\t\t<div class=\"elementor-element elementor-element-eb733a7 e-flex e-con-boxed e-con e-parent\" data-id=\"eb733a7\" data-element_type=\"container\" data-settings=\"{&quot;_ha_eqh_enable&quot;:false}\">\n\t\t\t\t\t<div class=\"e-con-inner\">\n\t\t<div class=\"elementor-element elementor-element-4e11f7e e-con-full animated-fast e-flex elementor-invisible e-con e-child\" data-id=\"4e11f7e\" data-element_type=\"container\" data-settings=\"{&quot;animation&quot;:&quot;fadeInLeft&quot;,&quot;_ha_eqh_enable&quot;:false}\">\n\t\t\t\t<div class=\"elementor-element elementor-element-36142d5 elementor-widget elementor-widget-heading\" data-id=\"36142d5\" data-element_type=\"widget\" data-widget_type=\"heading.default\">\n\t\t\t\t<div class=\"elementor-widget-container\">\n\t\t\t<h2 class=\"elementor-heading-title elementor-size-default\">WAREHOUSING QUOTE <\/h2>\t\t<\/div>\n\t\t\t\t<\/div>\n\t\t\t\t<div class=\"elementor-element elementor-element-4761bea elementor-widget elementor-widget-text-editor\" data-id=\"4761bea\" data-element_type=\"widget\" data-widget_type=\"text-editor.default\">\n\t\t\t\t<div class=\"elementor-widget-container\">\n\t\t\t\t\t\t\t<p>W celu wyceny magazynowania swojego towaru wype\u0142nij formularz lub napisze bezpo\u015brednio:\u00a0<\/p>\t\t\t\t\t\t<\/div>\n\t\t\t\t<\/div>\n\t\t\t\t<div class=\"elementor-element elementor-element-c4cc1d3 elementor-position-left elementor-mobile-position-left elementor-view-default elementor-vertical-align-top elementor-widget elementor-widget-icon-box\" data-id=\"c4cc1d3\" data-element_type=\"widget\" data-widget_type=\"icon-box.default\">\n\t\t\t\t<div class=\"elementor-widget-container\">\n\t\t\t\t\t<div class=\"elementor-icon-box-wrapper\">\n\n\t\t\t\t\t\t<div class=\"elementor-icon-box-icon\">\n\t\t\t\t<span  class=\"elementor-icon elementor-animation-\">\n\t\t\t\t<i aria-hidden=\"true\" class=\"fas fa-envelope\"><\/i>\t\t\t\t<\/span>\n\t\t\t<\/div>\n\t\t\t\n\t\t\t\t\t\t<div class=\"elementor-icon-box-content\">\n\n\t\t\t\t\t\t\t\t\t<h3 class=\"elementor-icon-box-title\">\n\t\t\t\t\t\t<span  >\n\t\t\t\t\t\t\toffice@adamaxtransport.eu\t\t\t\t\t\t<\/span>\n\t\t\t\t\t<\/h3>\n\t\t\t\t\n\t\t\t\t\n\t\t\t<\/div>\n\t\t\t\n\t\t<\/div>\n\t\t\t\t<\/div>\n\t\t\t\t<\/div>\n\t\t\t\t<\/div>\n\t\t<div class=\"elementor-element elementor-element-18becb7 e-con-full animated-fast e-flex elementor-invisible e-con e-child\" data-id=\"18becb7\" data-element_type=\"container\" data-settings=\"{&quot;animation&quot;:&quot;fadeInRight&quot;,&quot;_ha_eqh_enable&quot;:false}\">\n\t\t\t\t<div class=\"elementor-element elementor-element-dc2868b premium-lottie-svg elementor-widget elementor-widget-premium-lottie\" data-id=\"dc2868b\" data-element_type=\"widget\" data-settings=\"{&quot;lottie_file&quot;:{&quot;url&quot;:&quot;https:\\\/\\\/adamaxtransport.eu\\\/wp-content\\\/uploads\\\/2023\\\/07\\\/Comp-1.json&quot;,&quot;id&quot;:7104,&quot;size&quot;:&quot;&quot;,&quot;alt&quot;:&quot;&quot;,&quot;source&quot;:&quot;library&quot;}}\" data-widget_type=\"premium-lottie.default\">\n\t\t\t\t<div class=\"elementor-widget-container\">\n\t\t\t\n\t\t<div class=\"premium-lottie-animation\" data-lottie-url=\"https:\/\/adamaxtransport.eu\/wp-content\/uploads\/2023\/07\/Comp-1.json\" data-lottie-loop=\"true\" data-lottie-reverse=\"\" data-lottie-hover=\"\" data-lottie-speed=\"1\" data-lottie-render=\"svg\">\n\t\t\t\t\t<\/div>\n\n\t\t\t\t<\/div>\n\t\t\t\t<\/div>\n\t\t\t\t<\/div>\n\t\t\t\t\t<\/div>\n\t\t\t\t<\/div>\n\t\t\t\t<section class=\"elementor-section elementor-top-section elementor-element elementor-element-eb4f806 animated-fast elementor-section-boxed elementor-section-height-default elementor-section-height-default elementor-invisible\" data-id=\"eb4f806\" data-element_type=\"section\" data-settings=\"{&quot;animation&quot;:&quot;fadeInUp&quot;,&quot;_ha_eqh_enable&quot;:false}\">\n\t\t\t\t\t\t<div class=\"elementor-container elementor-column-gap-default\">\n\t\t\t\t\t<div class=\"elementor-column elementor-col-100 elementor-top-column elementor-element elementor-element-708b2ad\" data-id=\"708b2ad\" data-element_type=\"column\">\n\t\t\t<div class=\"elementor-widget-wrap elementor-element-populated\">\n\t\t\t\t\t\t<div class=\"elementor-element elementor-element-32b15b1 elementor-widget elementor-widget-shortcode\" data-id=\"32b15b1\" data-element_type=\"widget\" data-widget_type=\"shortcode.default\">\n\t\t\t\t<div class=\"elementor-widget-container\">\n\t\t\t\t\t<div class=\"elementor-shortcode\"><div class=\"forminator-ui forminator-custom-form forminator-custom-form-7293 forminator-design--default  forminator_ajax\" data-forminator-render=\"0\" data-form=\"forminator-module-7293\" data-uid=\"69f3e4c79aa28\"><br\/><\/div><form\n\t\t\t\tid=\"forminator-module-7293\"\n\t\t\t\tclass=\"forminator-ui forminator-custom-form forminator-custom-form-7293 forminator-design--default  forminator_ajax\"\n\t\t\t\tmethod=\"post\"\n\t\t\t\tdata-forminator-render=\"0\"\n\t\t\t\tdata-form-id=\"7293\"\n\t\t\t\t\n\t\t\t\tdata-design=\"default\"\n\t\t\t\t\n\t\t\t\t\n\t\t\t\t\n\t\t\t\tdata-grid=\"open\"\n\t\t\t\t\n\t\t\t\t\n\t\t\t\tstyle=\"display: none;\"\n\t\t\t\t\n\t\t\t\tdata-uid=\"69f3e4c79aa28\" action=\"\"\n\t\t\t><div class=\"forminator-response-message forminator-error\" aria-hidden=\"true\"><\/div><div class=\"forminator-row\"><div id=\"section-2\" class=\"forminator-col forminator-col-12\"><div class=\"forminator-field\"><h2 class=\"forminator-title\">Concat details<\/h2><\/div><\/div><\/div><div class=\"forminator-row\"><div id=\"name-1\" class=\"forminator-col forminator-col-12\"><div class=\"forminator-field\"><input type=\"text\" name=\"name-1\" value=\"\" placeholder=\"Company\" id=\"forminator-field-name-1_69f3e4c79aa28\" class=\"forminator-input forminator-name--field\" aria-required=\"true\" \/><\/div><\/div><\/div><div class=\"forminator-row\"><div id=\"email-1\" class=\"forminator-col forminator-col-12\"><div class=\"forminator-field\"><input type=\"email\" name=\"email-1\" value=\"\" placeholder=\"Adres e-mail\" id=\"forminator-field-email-1_69f3e4c79aa28\" class=\"forminator-input forminator-email--field\" data-required=\"1\" aria-required=\"true\" \/><\/div><\/div><\/div><div class=\"forminator-row\"><div id=\"phone-1\" class=\"forminator-col forminator-col-12\"><div class=\"forminator-field\"><input type=\"text\" name=\"phone-1\" value=\"\" placeholder=\"Numer telefonu\" id=\"forminator-field-phone-1_69f3e4c79aa28\" class=\"forminator-input forminator-field--phone\" data-required=\"1\" aria-required=\"true\" autocomplete=\"off\" \/><\/div><\/div><\/div><div class=\"forminator-row\"><div id=\"section-4\" class=\"forminator-col forminator-col-12\"><div class=\"forminator-field\"><\/div><\/div><\/div><div class=\"forminator-row\"><div id=\"section-1\" class=\"forminator-col forminator-col-12\"><div class=\"forminator-field\"><h2 class=\"forminator-title\">Szczeg\u00f3\u0142y<\/h2><\/div><\/div><\/div><div class=\"forminator-row\"><div id=\"date-1\" class=\"forminator-col forminator-col-12\"><div class=\"forminator-field\"><div class=\"forminator-input-with-icon\"><label for=\"forminator-field-date-1-picker_69f3e4c79aa28\"><span class=\"forminator-icon-calendar\" aria-hidden=\"true\"><\/span><\/label><input autocomplete=\"off\" type=\"text\" size=\"1\" name=\"date-1\" value=\"\" placeholder=\"Data rozpocz\u0119cia\" id=\"forminator-field-date-1-picker_69f3e4c79aa28\" class=\"forminator-input forminator-datepicker\" data-required=\"\" data-format=\"dd\/mm\/yy\" data-restrict-type=\"\" data-restrict=\"\" data-start-year=\"1926\" data-end-year=\"2126\" data-past-dates=\"enable\" data-start-of-week=\"1\" data-start-date=\"\" data-end-date=\"\" data-start-field=\"\" data-end-field=\"\" data-start-offset=\"\" data-end-offset=\"\" data-disable-date=\"\" data-disable-range=\"\" \/><\/div><\/div><\/div><\/div><div class=\"forminator-row\"><div id=\"date-3\" class=\"forminator-col forminator-col-12\"><div class=\"forminator-field\"><div class=\"forminator-input-with-icon\"><label for=\"forminator-field-date-3-picker_69f3e4c79aa28\"><span class=\"forminator-icon-calendar\" aria-hidden=\"true\"><\/span><\/label><input autocomplete=\"off\" type=\"text\" size=\"1\" name=\"date-3\" value=\"\" placeholder=\"Data zako\u0144czenia\" id=\"forminator-field-date-3-picker_69f3e4c79aa28\" class=\"forminator-input forminator-datepicker\" data-required=\"\" data-format=\"dd\/mm\/yy\" data-restrict-type=\"\" data-restrict=\"\" data-start-year=\"1926\" data-end-year=\"2126\" data-past-dates=\"enable\" data-start-of-week=\"1\" data-start-date=\"\" data-end-date=\"\" data-start-field=\"\" data-end-field=\"\" data-start-offset=\"\" data-end-offset=\"\" data-disable-date=\"\" data-disable-range=\"\" \/><\/div><\/div><\/div><\/div><div class=\"forminator-row\"><div id=\"textarea-1\" class=\"forminator-col forminator-col-12\"><div class=\"forminator-field\"><textarea name=\"textarea-1\" placeholder=\"Podaj rodzaj, ilo\u015b\u0107 oraz wymagania dotycz\u0105ce Twojego towaru\" id=\"forminator-field-textarea-1_69f3e4c79aa28\" class=\"forminator-textarea\" rows=\"6\" style=\"min-height:140px;\" ><\/textarea><\/div><\/div><\/div><div class=\"forminator-row\"><div id=\"textarea-2\" class=\"forminator-col forminator-col-12\"><div class=\"forminator-field\"><textarea name=\"textarea-2\" placeholder=\"Wymagania specjalne\" id=\"forminator-field-textarea-2_69f3e4c79aa28\" class=\"forminator-textarea\" rows=\"6\" style=\"min-height:140px;\" ><\/textarea><\/div><\/div><\/div><div class=\"forminator-row\"><div id=\"section-5\" class=\"forminator-col forminator-col-12\"><div class=\"forminator-field\"><h2 class=\"forminator-title\">--------------------------<\/h2><\/div><\/div><\/div><div class=\"forminator-row\"><div id=\"checkbox-1\" class=\"forminator-col forminator-col-12\"><div role=\"group\" class=\"forminator-field required\" aria-labelledby=\"forminator-checkbox-group-69f3e4c79aa28-label\"><label for=\"forminator-field-checkbox-1-1-69f3e4c79aa28\" class=\"forminator-checkbox\" title=\"Wyra\u017cam zgod\u0119 na przetwarzanie moich danych osobowych wpisanych w formularzu przez Adamax Sp. z o.o. z siedzib\u0105 w Wolkowie, w celu realizacji z\u0142o\u017conego przeze mnie zapytania.\"><input type=\"checkbox\" name=\"checkbox-1[]\" value=\"one\" id=\"forminator-field-checkbox-1-1-69f3e4c79aa28\" data-calculation=\"0\"   data-hidden-behavior=\"zero\" aria-describedby=\"forminator-field-checkbox-1-69f3e4c79aa28-description\"\/><span class=\"forminator-checkbox-box\" aria-hidden=\"true\"><\/span><span class=\"forminator-checkbox-label\">Wyra\u017cam zgod\u0119 na przetwarzanie moich danych osobowych wpisanych w formularzu przez Adamax Sp. z o.o. z siedzib\u0105 w Wolkowie, w celu realizacji z\u0142o\u017conego przeze mnie zapytania.<\/span><\/label><\/div><\/div><\/div><div class=\"forminator-row\"><div id=\"checkbox-2\" class=\"forminator-col forminator-col-12\"><div role=\"group\" class=\"forminator-field required\" aria-labelledby=\"forminator-checkbox-group-69f3e4c79aa28-label\"><label for=\"forminator-field-checkbox-2-1-69f3e4c79aa28\" class=\"forminator-checkbox\" title=\"O\u015bwiadczam, \u017ce zapozna\u0142em\/\u0142am si\u0119 z Polityk\u0105 Prywatno\u015bci i akceptuj\u0119 jej warunki.\"><input type=\"checkbox\" name=\"checkbox-2[]\" value=\"one\" id=\"forminator-field-checkbox-2-1-69f3e4c79aa28\" data-calculation=\"0\"   data-hidden-behavior=\"zero\" aria-describedby=\"forminator-field-checkbox-2-69f3e4c79aa28-description\"\/><span class=\"forminator-checkbox-box\" aria-hidden=\"true\"><\/span><span class=\"forminator-checkbox-label\">O\u015bwiadczam, \u017ce zapozna\u0142em\/\u0142am si\u0119 z Polityk\u0105 Prywatno\u015bci i akceptuj\u0119 jej warunki.<\/span><\/label><span id=\"forminator-field-checkbox-2-69f3e4c79aa28-description\" class=\"forminator-description\">https:\/\/adamaxtransport.eu\/polityka-prywatnosci\/<\/span><\/div><\/div><\/div><div class=\"forminator-row\"><div id=\"checkbox-3\" class=\"forminator-col forminator-col-12\"><div role=\"group\" class=\"forminator-field required\" aria-labelledby=\"forminator-checkbox-group-69f3e4c79aa28-label\"><label for=\"forminator-field-checkbox-3-1-69f3e4c79aa28\" class=\"forminator-checkbox\" title=\"O\u015bwiadczam, \u017ce zapozna\u0142em\/\u0142am si\u0119 z obowi\u0105zkiem informacyjnym dotycz\u0105cym RODO\/GDPR.\"><input type=\"checkbox\" name=\"checkbox-3[]\" value=\"one\" id=\"forminator-field-checkbox-3-1-69f3e4c79aa28\" data-calculation=\"0\"   data-hidden-behavior=\"zero\" aria-describedby=\"forminator-field-checkbox-3-69f3e4c79aa28-description\"\/><span class=\"forminator-checkbox-box\" aria-hidden=\"true\"><\/span><span class=\"forminator-checkbox-label\">O\u015bwiadczam, \u017ce zapozna\u0142em\/\u0142am si\u0119 z obowi\u0105zkiem informacyjnym dotycz\u0105cym RODO\/GDPR.<\/span><\/label><span id=\"forminator-field-checkbox-3-69f3e4c79aa28-description\" class=\"forminator-description\">https:\/\/adamaxtransport.eu\/rodo\/<\/span><\/div><\/div><\/div><input type=\"hidden\" name=\"referer_url\" value=\"\" \/><div class=\"forminator-row forminator-row-last\"><div class=\"forminator-col\"><div class=\"forminator-field\"><button class=\"forminator-button forminator-button-submit\">Prze\u015blij<\/button><\/div><\/div><\/div><input type=\"hidden\" id=\"forminator_nonce\" name=\"forminator_nonce\" value=\"b71da40470\" \/><input type=\"hidden\" name=\"_wp_http_referer\" value=\"\/en\/wp-json\/wp\/v2\/pages\/3808\" \/><input type=\"hidden\" name=\"form_id\" value=\"7293\"><input type=\"hidden\" name=\"page_id\" value=\"3808\"><input type=\"hidden\" name=\"form_type\" value=\"default\"><input type=\"hidden\" name=\"current_url\" value=\"https:\/\/adamaxtransport.eu\/en\/wycena-magazynowanie\/\"><input type=\"hidden\" name=\"render_id\" value=\"0\"><input type=\"hidden\" name=\"action\" value=\"forminator_submit_form_custom-forms\"><input type=\"hidden\" name=\"trp-form-language\" value=\"en\"\/><\/form><\/div>\n\t\t\t\t<\/div>\n\t\t\t\t<\/div>\n\t\t\t\t\t<\/div>\n\t\t<\/div>\n\t\t\t\t\t<\/div>\n\t\t<\/section>\n\t\t\t\t<\/div>","protected":false},"excerpt":{"rendered":"<p>WYCENA MAGAZYNOWANIA W celu wyceny magazynowania swojego towaru wype\u0142nij formularz lub napisze bezpo\u015brednio:\u00a0 office@adamaxtransport.eu<\/p>","protected":false},"author":1,"featured_media":0,"parent":0,"menu_order":0,"comment_status":"closed","ping_status":"closed","template":"elementor_header_footer","meta":{"_kadence_starter_templates_imported_post":false,"_kad_post_transparent":"","_kad_post_title":"","_kad_post_layout":"","_kad_post_sidebar_id":"","_kad_post_content_style":"","_kad_post_vertical_padding":"","_kad_post_feature":"","_kad_post_feature_position":"","_kad_post_header":false,"_kad_post_footer":false,"footnotes":""},"class_list":["post-3808","page","type-page","status-publish","hentry"],"_links":{"self":[{"href":"https:\/\/adamaxtransport.eu\/en\/wp-json\/wp\/v2\/pages\/3808"}],"collection":[{"href":"https:\/\/adamaxtransport.eu\/en\/wp-json\/wp\/v2\/pages"}],"about":[{"href":"https:\/\/adamaxtransport.eu\/en\/wp-json\/wp\/v2\/types\/page"}],"author":[{"embeddable":true,"href":"https:\/\/adamaxtransport.eu\/en\/wp-json\/wp\/v2\/users\/1"}],"replies":[{"embeddable":true,"href":"https:\/\/adamaxtransport.eu\/en\/wp-json\/wp\/v2\/comments?post=3808"}],"version-history":[{"count":58,"href":"https:\/\/adamaxtransport.eu\/en\/wp-json\/wp\/v2\/pages\/3808\/revisions"}],"predecessor-version":[{"id":8749,"href":"https:\/\/adamaxtransport.eu\/en\/wp-json\/wp\/v2\/pages\/3808\/revisions\/8749"}],"wp:attachment":[{"href":"https:\/\/adamaxtransport.eu\/en\/wp-json\/wp\/v2\/media?parent=3808"}],"curies":[{"name":"wp","href":"https:\/\/api.w.org\/{rel}","templated":true}]}}