{"id":5752,"date":"2023-02-02T11:19:06","date_gmt":"2023-02-02T11:19:06","guid":{"rendered":"https:\/\/adamaxtransport.eu\/?page_id=5752"},"modified":"2024-07-30T10:22:13","modified_gmt":"2024-07-30T10:22:13","slug":"magazynowanie-2","status":"publish","type":"page","link":"https:\/\/adamaxtransport.eu\/en\/magazynowanie-2\/","title":{"rendered":"Magazynowanie l Adamaxtransport"},"content":{"rendered":"<div data-elementor-type=\"wp-page\" data-elementor-id=\"5752\" class=\"elementor elementor-5752\" data-elementor-post-type=\"page\">\n\t\t\t\t<div class=\"elementor-element elementor-element-dd43a34 e-flex e-con-boxed e-con e-parent\" data-id=\"dd43a34\" data-element_type=\"container\" data-settings=\"{&quot;_ha_eqh_enable&quot;:false}\">\n\t\t\t\t\t<div class=\"e-con-inner\">\n\t\t\t\t<div class=\"elementor-element elementor-element-5af2758 ha-card--top ha-card--tablet-top ha-card--mobile-top elementor-widget elementor-widget-ha-card happy-addon ha-card\" data-id=\"5af2758\" data-element_type=\"widget\" data-widget_type=\"ha-card.default\">\n\t\t\t\t<div class=\"elementor-widget-container\">\n\t\t\t\n\t\t\t\t\t<figure class=\"ha-card-figure\">\n\t\t\t\t<img fetchpriority=\"high\" decoding=\"async\" width=\"2048\" height=\"952\" src=\"https:\/\/adamaxtransport.eu\/wp-content\/uploads\/2022\/02\/2431242141241241241-e1722324958218.jpeg\" class=\"attachment-full size-full wp-image-2888\" alt=\"\" srcset=\"https:\/\/adamaxtransport.eu\/wp-content\/uploads\/2022\/02\/2431242141241241241-e1722324958218.jpeg 2048w, https:\/\/adamaxtransport.eu\/wp-content\/uploads\/2022\/02\/2431242141241241241-e1722324958218-300x139.jpeg 300w, https:\/\/adamaxtransport.eu\/wp-content\/uploads\/2022\/02\/2431242141241241241-e1722324958218-1024x476.jpeg 1024w, https:\/\/adamaxtransport.eu\/wp-content\/uploads\/2022\/02\/2431242141241241241-e1722324958218-768x357.jpeg 768w, https:\/\/adamaxtransport.eu\/wp-content\/uploads\/2022\/02\/2431242141241241241-e1722324958218-1536x714.jpeg 1536w, https:\/\/adamaxtransport.eu\/wp-content\/uploads\/2022\/02\/2431242141241241241-e1722324958218-18x8.jpeg 18w\" sizes=\"(max-width: 2048px) 100vw, 2048px\" \/>\t\t\t\t\t\t\t<\/figure>\n\t\t\n\t\t<div class=\"ha-card-body\">\n\n\t\t\t<h2 class=\"ha-card-title\">WAREHOUSING AND RELOADING <\/h2>\n\t\t\t\t\t\t\t<div class=\"ha-card-text\">\n\t\t\t\t\t<p>Opr\u00f3cz transportu \u015bwiadczymy r\u00f3wnie\u017c us\u0142ugi magazynowe.\u00a0Do dyspozycji posiadamy w pe\u0142ni zabezpieczon\u0105 oraz monitorowan\u0105 powierzchnie magazynow\u0105.\u00a0Zapewniamy pe\u0142n\u0105 obs\u0142ug\u0119 Pa\u0144stwa towar\u00f3w. Zaczynaj\u0105c od roz\u0142adunku poprzez kontrol\u0119 jako\u015bci, etykietowania ko\u0144cz\u0105c na transporcie. Jeste\u015bmy dost\u0119pni dla Pa\u0144stwa dyspozycji 24\/7.\nPo wcze\u015bniejszym kontakcie oferujemy mo\u017cliwo\u015b\u0107 prze\u0142adunku o ka\u017cdej porze dnia i nocy.<\/p>\n\t\t\t\t<\/div>\n\t\t\t\n\t\t\t\t\t<\/div>\n\t\t\t\t<\/div>\n\t\t\t\t<\/div>\n\t\t\t\t\t<\/div>\n\t\t\t\t<\/div>\n\t\t<div class=\"elementor-element elementor-element-6a72e8c e-flex e-con-boxed e-con e-parent\" data-id=\"6a72e8c\" data-element_type=\"container\" data-settings=\"{&quot;_ha_eqh_enable&quot;:false}\">\n\t\t\t\t\t<div class=\"e-con-inner\">\n\t\t<div class=\"elementor-element elementor-element-9e1001d e-con-full e-flex e-con e-child\" data-id=\"9e1001d\" data-element_type=\"container\" data-settings=\"{&quot;_ha_eqh_enable&quot;:false}\">\n\t\t\t\t<div class=\"elementor-element elementor-element-14dff7c e-transform elementor-widget elementor-widget-qi_addons_for_elementor_button\" data-id=\"14dff7c\" data-element_type=\"widget\" data-settings=\"{&quot;_transform_scale_effect_hover&quot;:{&quot;unit&quot;:&quot;px&quot;,&quot;size&quot;:1.02,&quot;sizes&quot;:[]},&quot;_transform_scale_effect_hover_tablet&quot;:{&quot;unit&quot;:&quot;px&quot;,&quot;size&quot;:&quot;&quot;,&quot;sizes&quot;:[]},&quot;_transform_scale_effect_hover_mobile&quot;:{&quot;unit&quot;:&quot;px&quot;,&quot;size&quot;:&quot;&quot;,&quot;sizes&quot;:[]}}\" data-widget_type=\"qi_addons_for_elementor_button.default\">\n\t\t\t\t<div class=\"elementor-widget-container\">\n\t\t\t<a class=\"qodef-shortcode qodef-m  qodef-qi-button qodef-html--link qodef-layout--filled qodef-type--standard qodef-size--full  qodef-icon--right qodef-hover--icon-move-horizontal-short\" href=\"https:\/\/adamaxtransport.eu\/en\/wycena-magazynowanie\/\" target=\"_self\">\n\t<span class=\"qodef-m-text\">Ask for a quote <\/span>\n\t\t<span class=\"qodef-m-icon qodef--icon-color-set\">\n\t\t<span class=\"qodef-m-icon-inner\">\n\t\t\t<i aria-hidden=\"true\" class=\"fas fa-angle-right\"><\/i>\t\t\t\t\t<\/span>\n\t<\/span>\n<\/a>\n\t\t<\/div>\n\t\t\t\t<\/div>\n\t\t\t\t<\/div>\n\t\t<div class=\"elementor-element elementor-element-cbc44a8 e-con-full e-flex e-con e-child\" data-id=\"cbc44a8\" data-element_type=\"container\" data-settings=\"{&quot;_ha_eqh_enable&quot;:false}\">\n\t\t\t\t<div class=\"elementor-element elementor-element-1b95798 e-transform elementor-widget elementor-widget-qi_addons_for_elementor_button\" data-id=\"1b95798\" data-element_type=\"widget\" data-settings=\"{&quot;_transform_scale_effect_hover&quot;:{&quot;unit&quot;:&quot;px&quot;,&quot;size&quot;:1.02,&quot;sizes&quot;:[]},&quot;_transform_scale_effect_hover_tablet&quot;:{&quot;unit&quot;:&quot;px&quot;,&quot;size&quot;:&quot;&quot;,&quot;sizes&quot;:[]},&quot;_transform_scale_effect_hover_mobile&quot;:{&quot;unit&quot;:&quot;px&quot;,&quot;size&quot;:&quot;&quot;,&quot;sizes&quot;:[]}}\" data-widget_type=\"qi_addons_for_elementor_button.default\">\n\t\t\t\t<div class=\"elementor-widget-container\">\n\t\t\t<a class=\"qodef-shortcode qodef-m  qodef-qi-button qodef-html--link qodef-layout--filled qodef-type--standard qodef-size--full  qodef-icon--right qodef-hover--icon-move-horizontal-short\" href=\"https:\/\/adamaxtransport.eu\/en\/kontakt-2\/\" target=\"_self\">\n\t<span class=\"qodef-m-text\">Contact with us <\/span>\n\t\t<span class=\"qodef-m-icon qodef--icon-color-set\">\n\t\t<span class=\"qodef-m-icon-inner\">\n\t\t\t<i aria-hidden=\"true\" class=\"fas fa-angle-right\"><\/i>\t\t\t\t\t<\/span>\n\t<\/span>\n<\/a>\n\t\t<\/div>\n\t\t\t\t<\/div>\n\t\t\t\t<\/div>\n\t\t\t\t\t<\/div>\n\t\t\t\t<\/div>\n\t\t<div class=\"elementor-element elementor-element-0e70945 e-flex e-con-boxed e-con e-parent\" data-id=\"0e70945\" data-element_type=\"container\" data-settings=\"{&quot;_ha_eqh_enable&quot;:false}\">\n\t\t\t\t\t<div class=\"e-con-inner\">\n\t\t\t\t<div class=\"elementor-element elementor-element-879f751 elementor-widget elementor-widget-heading\" data-id=\"879f751\" data-element_type=\"widget\" data-widget_type=\"heading.default\">\n\t\t\t\t<div class=\"elementor-widget-container\">\n\t\t\t<h2 class=\"elementor-heading-title elementor-size-default\">WAREHOUSE CLOSE TO BIG CITIES IN POLAND <\/h2>\t\t<\/div>\n\t\t\t\t<\/div>\n\t\t\t\t<div class=\"elementor-element elementor-element-2563008 elementor-widget elementor-widget-text-editor\" data-id=\"2563008\" data-element_type=\"widget\" data-widget_type=\"text-editor.default\">\n\t\t\t\t<div class=\"elementor-widget-container\">\n\t\t\t\t\t\t\t<p>This allows us to pick up or deliver your goods quickly and efficiently!<\/p>\t\t\t\t\t\t<\/div>\n\t\t\t\t<\/div>\n\t\t\t\t\t<\/div>\n\t\t\t\t<\/div>\n\t\t<div class=\"elementor-element elementor-element-7b86f59 e-flex e-con-boxed e-con e-parent\" data-id=\"7b86f59\" data-element_type=\"container\" data-settings=\"{&quot;_ha_eqh_enable&quot;:false}\">\n\t\t\t\t\t<div class=\"e-con-inner\">\n\t\t<div class=\"elementor-element elementor-element-2057537 e-con-full e-flex e-con e-child\" data-id=\"2057537\" data-element_type=\"container\" data-settings=\"{&quot;_ha_eqh_enable&quot;:false}\">\n\t\t\t\t<div class=\"elementor-element elementor-element-183285c elementor-widget elementor-widget-counter\" data-id=\"183285c\" data-element_type=\"widget\" data-widget_type=\"counter.default\">\n\t\t\t\t<div class=\"elementor-widget-container\">\n\t\t\t\t\t<div class=\"elementor-counter\">\n\t\t\t<div class=\"elementor-counter-title\">POZNA\u0143    <\/div>\t\t\t<div class=\"elementor-counter-number-wrapper\">\n\t\t\t\t<span class=\"elementor-counter-number-prefix\"><\/span>\n\t\t\t\t<span class=\"elementor-counter-number\" data-duration=\"2000\" data-to-value=\"52\" data-from-value=\"0\" data-delimiter=\",\">0<\/span>\n\t\t\t\t<span class=\"elementor-counter-number-suffix\"> km <\/span>\n\t\t\t<\/div>\n\t\t<\/div>\n\t\t\t\t<\/div>\n\t\t\t\t<\/div>\n\t\t\t\t<\/div>\n\t\t<div class=\"elementor-element elementor-element-7ee6ad7 e-con-full e-flex e-con e-child\" data-id=\"7ee6ad7\" data-element_type=\"container\" data-settings=\"{&quot;_ha_eqh_enable&quot;:false}\">\n\t\t\t\t<div class=\"elementor-element elementor-element-d08d0b4 elementor-widget elementor-widget-counter\" data-id=\"d08d0b4\" data-element_type=\"widget\" data-widget_type=\"counter.default\">\n\t\t\t\t<div class=\"elementor-widget-container\">\n\t\t\t\t\t<div class=\"elementor-counter\">\n\t\t\t<div class=\"elementor-counter-title\">LESZNO<\/div>\t\t\t<div class=\"elementor-counter-number-wrapper\">\n\t\t\t\t<span class=\"elementor-counter-number-prefix\"><\/span>\n\t\t\t\t<span class=\"elementor-counter-number\" data-duration=\"2000\" data-to-value=\"39\" data-from-value=\"0\" data-delimiter=\",\">0<\/span>\n\t\t\t\t<span class=\"elementor-counter-number-suffix\"> km<\/span>\n\t\t\t<\/div>\n\t\t<\/div>\n\t\t\t\t<\/div>\n\t\t\t\t<\/div>\n\t\t\t\t<\/div>\n\t\t<div class=\"elementor-element elementor-element-04e462b e-con-full e-flex e-con e-child\" data-id=\"04e462b\" data-element_type=\"container\" data-settings=\"{&quot;_ha_eqh_enable&quot;:false}\">\n\t\t\t\t<div class=\"elementor-element elementor-element-9b3bea2 elementor-widget elementor-widget-counter\" data-id=\"9b3bea2\" data-element_type=\"widget\" data-widget_type=\"counter.default\">\n\t\t\t\t<div class=\"elementor-widget-container\">\n\t\t\t\t\t<div class=\"elementor-counter\">\n\t\t\t<div class=\"elementor-counter-title\">WROC\u0141AW  <\/div>\t\t\t<div class=\"elementor-counter-number-wrapper\">\n\t\t\t\t<span class=\"elementor-counter-number-prefix\"><\/span>\n\t\t\t\t<span class=\"elementor-counter-number\" data-duration=\"2000\" data-to-value=\"136\" data-from-value=\"0\" data-delimiter=\",\">0<\/span>\n\t\t\t\t<span class=\"elementor-counter-number-suffix\"> km<\/span>\n\t\t\t<\/div>\n\t\t<\/div>\n\t\t\t\t<\/div>\n\t\t\t\t<\/div>\n\t\t\t\t<\/div>\n\t\t\t\t\t<\/div>\n\t\t\t\t<\/div>\n\t\t<div class=\"elementor-element elementor-element-f65df84 e-flex e-con-boxed e-con e-parent\" data-id=\"f65df84\" data-element_type=\"container\" data-settings=\"{&quot;_ha_eqh_enable&quot;:false}\">\n\t\t\t\t\t<div class=\"e-con-inner\">\n\t\t\t\t<div class=\"elementor-element elementor-element-bc14f08 elementor-widget elementor-widget-google_maps\" data-id=\"bc14f08\" data-element_type=\"widget\" data-widget_type=\"google_maps.default\">\n\t\t\t\t<div class=\"elementor-widget-container\">\n\t\t\t\t\t<div class=\"elementor-custom-embed\">\n\t\t\t<iframe loading=\"lazy\"\n\t\t\t\t\tsrc=\"https:\/\/maps.google.com\/maps?q=Adamax%20Sp.z%20o.o.%20&#038;t=m&#038;z=8&#038;output=embed&#038;iwloc=near\"\n\t\t\t\t\ttitle=\"Adamax Sp.z o.o. \"\n\t\t\t\t\taria-label=\"Adamax Sp.z o.o. \"\n\t\t\t><\/iframe>\n\t\t<\/div>\n\t\t\t\t<\/div>\n\t\t\t\t<\/div>\n\t\t\t\t\t<\/div>\n\t\t\t\t<\/div>\n\t\t\t\t<\/div>","protected":false},"excerpt":{"rendered":"<p>MAGAZYNOWANIE I PRZE\u0141ADUNKI Opr\u00f3cz transportu \u015bwiadczymy r\u00f3wnie\u017c us\u0142ugi magazynowe.\u00a0Do dyspozycji posiadamy w pe\u0142ni zabezpieczon\u0105 oraz monitorowan\u0105 powierzchnie magazynow\u0105.\u00a0Zapewniamy pe\u0142n\u0105 obs\u0142ug\u0119 Pa\u0144stwa towar\u00f3w. Zaczynaj\u0105c od roz\u0142adunku poprzez kontrol\u0119 jako\u015bci, etykietowania ko\u0144cz\u0105c na transporcie. Jeste\u015bmy dost\u0119pni dla Pa\u0144stwa dyspozycji 24\/7. Po wcze\u015bniejszym kontakcie oferujemy mo\u017cliwo\u015b\u0107 prze\u0142adunku o ka\u017cdej porze dnia i nocy. Zapytaj o wycen\u0119 Skontaktuj si\u0119&#8230;<\/p>","protected":false},"author":1,"featured_media":0,"parent":0,"menu_order":0,"comment_status":"closed","ping_status":"closed","template":"","meta":{"_kadence_starter_templates_imported_post":false,"_kad_post_transparent":"","_kad_post_title":"hide","_kad_post_layout":"fullwidth","_kad_post_sidebar_id":"","_kad_post_content_style":"unboxed","_kad_post_vertical_padding":"hide","_kad_post_feature":"hide","_kad_post_feature_position":"","_kad_post_header":false,"_kad_post_footer":false,"footnotes":""},"class_list":["post-5752","page","type-page","status-publish","hentry"],"_links":{"self":[{"href":"https:\/\/adamaxtransport.eu\/en\/wp-json\/wp\/v2\/pages\/5752"}],"collection":[{"href":"https:\/\/adamaxtransport.eu\/en\/wp-json\/wp\/v2\/pages"}],"about":[{"href":"https:\/\/adamaxtransport.eu\/en\/wp-json\/wp\/v2\/types\/page"}],"author":[{"embeddable":true,"href":"https:\/\/adamaxtransport.eu\/en\/wp-json\/wp\/v2\/users\/1"}],"replies":[{"embeddable":true,"href":"https:\/\/adamaxtransport.eu\/en\/wp-json\/wp\/v2\/comments?post=5752"}],"version-history":[{"count":87,"href":"https:\/\/adamaxtransport.eu\/en\/wp-json\/wp\/v2\/pages\/5752\/revisions"}],"predecessor-version":[{"id":8935,"href":"https:\/\/adamaxtransport.eu\/en\/wp-json\/wp\/v2\/pages\/5752\/revisions\/8935"}],"wp:attachment":[{"href":"https:\/\/adamaxtransport.eu\/en\/wp-json\/wp\/v2\/media?parent=5752"}],"curies":[{"name":"wp","href":"https:\/\/api.w.org\/{rel}","templated":true}]}}