{"id":8450,"date":"2024-04-06T09:18:14","date_gmt":"2024-04-06T09:18:14","guid":{"rendered":"https:\/\/adamaxtransport.eu\/?page_id=8450"},"modified":"2025-02-14T13:37:10","modified_gmt":"2025-02-14T13:37:10","slug":"opakowania-zwrotne-l-adamaxtransport","status":"publish","type":"page","link":"https:\/\/adamaxtransport.eu\/en\/opakowania-zwrotne-l-adamaxtransport\/","title":{"rendered":"Opakowania zwrotne l Adamaxtransport &#8211;"},"content":{"rendered":"<div data-elementor-type=\"wp-page\" data-elementor-id=\"8450\" class=\"elementor elementor-8450\" data-elementor-post-type=\"page\">\n\t\t\t\t<div class=\"elementor-element elementor-element-e3abfd1 e-flex e-con-boxed e-con e-parent\" data-id=\"e3abfd1\" data-element_type=\"container\" data-settings=\"{&quot;_ha_eqh_enable&quot;:false}\">\n\t\t\t\t\t<div class=\"e-con-inner\">\n\t\t\t\t<div class=\"elementor-element elementor-element-fdf7cd3 ha-card--top ha-card--tablet-top ha-card--mobile-top elementor-widget elementor-widget-ha-card happy-addon ha-card\" data-id=\"fdf7cd3\" data-element_type=\"widget\" data-widget_type=\"ha-card.default\">\n\t\t\t\t<div class=\"elementor-widget-container\">\n\t\t\t\n\t\t\t\t\t<figure class=\"ha-card-figure\">\n\t\t\t\t<img fetchpriority=\"high\" decoding=\"async\" width=\"2048\" height=\"952\" src=\"https:\/\/adamaxtransport.eu\/wp-content\/uploads\/2022\/02\/2431242141241241241-e1722324958218.jpeg\" class=\"attachment-full size-full wp-image-2888\" alt=\"\" srcset=\"https:\/\/adamaxtransport.eu\/wp-content\/uploads\/2022\/02\/2431242141241241241-e1722324958218.jpeg 2048w, https:\/\/adamaxtransport.eu\/wp-content\/uploads\/2022\/02\/2431242141241241241-e1722324958218-300x139.jpeg 300w, https:\/\/adamaxtransport.eu\/wp-content\/uploads\/2022\/02\/2431242141241241241-e1722324958218-1024x476.jpeg 1024w, https:\/\/adamaxtransport.eu\/wp-content\/uploads\/2022\/02\/2431242141241241241-e1722324958218-768x357.jpeg 768w, https:\/\/adamaxtransport.eu\/wp-content\/uploads\/2022\/02\/2431242141241241241-e1722324958218-1536x714.jpeg 1536w, https:\/\/adamaxtransport.eu\/wp-content\/uploads\/2022\/02\/2431242141241241241-e1722324958218-18x8.jpeg 18w\" sizes=\"(max-width: 2048px) 100vw, 2048px\" \/>\t\t\t\t\t\t\t<\/figure>\n\t\t\n\t\t<div class=\"ha-card-body\">\n\n\t\t\t<h2 class=\"ha-card-title\">RETURNABLE PACKAGING <\/h2>\n\t\t\t\t\t\t\t<div class=\"ha-card-text\">\n\t\t\t\t\t<p>It is clear that your products are transported on various packages and you want them to be returned on time and in the right quantities. Contact us for transportation or storage of replacement packaging such as flower carts, boxes, crates or pallets.\u00a0<\/p>\n\t\t\t\t<\/div>\n\t\t\t\n\t\t\t\t\t<\/div>\n\t\t\t\t<\/div>\n\t\t\t\t<\/div>\n\t\t\t\t\t<\/div>\n\t\t\t\t<\/div>\n\t\t<div class=\"elementor-element elementor-element-fd3d972 e-flex e-con-boxed e-con e-parent\" data-id=\"fd3d972\" data-element_type=\"container\" data-settings=\"{&quot;_ha_eqh_enable&quot;:false}\">\n\t\t\t\t\t<div class=\"e-con-inner\">\n\t\t<div class=\"elementor-element elementor-element-673e6d3 e-con-full e-flex e-con e-child\" data-id=\"673e6d3\" data-element_type=\"container\" data-settings=\"{&quot;_ha_eqh_enable&quot;:false}\">\n\t\t\t\t<div class=\"elementor-element elementor-element-f7e4e6d e-transform elementor-widget elementor-widget-qi_addons_for_elementor_button\" data-id=\"f7e4e6d\" data-element_type=\"widget\" data-settings=\"{&quot;_transform_scale_effect_hover&quot;:{&quot;unit&quot;:&quot;px&quot;,&quot;size&quot;:1.02,&quot;sizes&quot;:[]},&quot;_transform_scale_effect_hover_tablet&quot;:{&quot;unit&quot;:&quot;px&quot;,&quot;size&quot;:&quot;&quot;,&quot;sizes&quot;:[]},&quot;_transform_scale_effect_hover_mobile&quot;:{&quot;unit&quot;:&quot;px&quot;,&quot;size&quot;:&quot;&quot;,&quot;sizes&quot;:[]}}\" data-widget_type=\"qi_addons_for_elementor_button.default\">\n\t\t\t\t<div class=\"elementor-widget-container\">\n\t\t\t<a class=\"qodef-shortcode qodef-m  qodef-qi-button qodef-html--link qodef-layout--filled qodef-type--standard qodef-size--full  qodef-icon--right qodef-hover--icon-move-horizontal-short\" href=\"https:\/\/adamaxtransport.eu\/en\/zapytanie-ofertowe\/\" target=\"_self\">\n\t<span class=\"qodef-m-text\">Ask for a quote <\/span>\n\t\t<span class=\"qodef-m-icon qodef--icon-color-set\">\n\t\t<span class=\"qodef-m-icon-inner\">\n\t\t\t<i aria-hidden=\"true\" class=\"fas fa-angle-right\"><\/i>\t\t\t\t\t<\/span>\n\t<\/span>\n<\/a>\n\t\t<\/div>\n\t\t\t\t<\/div>\n\t\t\t\t<\/div>\n\t\t<div class=\"elementor-element elementor-element-9c40c01 e-con-full e-flex e-con e-child\" data-id=\"9c40c01\" data-element_type=\"container\" data-settings=\"{&quot;_ha_eqh_enable&quot;:false}\">\n\t\t\t\t<div class=\"elementor-element elementor-element-31d4d4b e-transform elementor-widget elementor-widget-qi_addons_for_elementor_button\" data-id=\"31d4d4b\" data-element_type=\"widget\" data-settings=\"{&quot;_transform_scale_effect_hover&quot;:{&quot;unit&quot;:&quot;px&quot;,&quot;size&quot;:1.02,&quot;sizes&quot;:[]},&quot;_transform_scale_effect_hover_tablet&quot;:{&quot;unit&quot;:&quot;px&quot;,&quot;size&quot;:&quot;&quot;,&quot;sizes&quot;:[]},&quot;_transform_scale_effect_hover_mobile&quot;:{&quot;unit&quot;:&quot;px&quot;,&quot;size&quot;:&quot;&quot;,&quot;sizes&quot;:[]}}\" data-widget_type=\"qi_addons_for_elementor_button.default\">\n\t\t\t\t<div class=\"elementor-widget-container\">\n\t\t\t<a class=\"qodef-shortcode qodef-m  qodef-qi-button qodef-html--link qodef-layout--filled qodef-type--standard qodef-size--full  qodef-icon--right qodef-hover--icon-move-horizontal-short\" href=\"https:\/\/adamaxtransport.eu\/en\/kontakt-2\/\" target=\"_self\">\n\t<span class=\"qodef-m-text\">Contact with us <\/span>\n\t\t<span class=\"qodef-m-icon qodef--icon-color-set\">\n\t\t<span class=\"qodef-m-icon-inner\">\n\t\t\t<i aria-hidden=\"true\" class=\"fas fa-angle-right\"><\/i>\t\t\t\t\t<\/span>\n\t<\/span>\n<\/a>\n\t\t<\/div>\n\t\t\t\t<\/div>\n\t\t\t\t<\/div>\n\t\t\t\t\t<\/div>\n\t\t\t\t<\/div>\n\t\t<div class=\"elementor-element elementor-element-76a9949 e-flex e-con-boxed e-con e-parent\" data-id=\"76a9949\" data-element_type=\"container\" data-settings=\"{&quot;_ha_eqh_enable&quot;:false}\">\n\t\t\t\t\t<div class=\"e-con-inner\">\n\t\t\t\t<div class=\"elementor-element elementor-element-d260a16 elementor-widget elementor-widget-heading\" data-id=\"d260a16\" data-element_type=\"widget\" data-widget_type=\"heading.default\">\n\t\t\t\t<div class=\"elementor-widget-container\">\n\t\t\t<h2 class=\"elementor-heading-title elementor-size-default\">CHECK OUT THE OTHER PRODUCT GROUPS <\/h2>\t\t<\/div>\n\t\t\t\t<\/div>\n\t\t<div class=\"elementor-element elementor-element-7e3883b e-con-full e-flex e-con e-child\" data-id=\"7e3883b\" data-element_type=\"container\" data-settings=\"{&quot;_ha_eqh_enable&quot;:false}\">\n\t\t<div class=\"elementor-element elementor-element-a3985c1 e-con-full e-flex e-con e-child\" data-id=\"a3985c1\" data-element_type=\"container\" data-settings=\"{&quot;background_background&quot;:&quot;classic&quot;,&quot;_ha_eqh_enable&quot;:false}\">\n\t\t\t\t<div class=\"elementor-element elementor-element-9f13a28 elementor-widget elementor-widget-heading\" data-id=\"9f13a28\" data-element_type=\"widget\" data-widget_type=\"heading.default\">\n\t\t\t\t<div class=\"elementor-widget-container\">\n\t\t\t<h2 class=\"elementor-heading-title elementor-size-default\">Fresh and frozen products <\/h2>\t\t<\/div>\n\t\t\t\t<\/div>\n\t\t\t\t<div class=\"elementor-element elementor-element-e2f851b elementor-widget elementor-widget-qi_addons_for_elementor_button\" data-id=\"e2f851b\" data-element_type=\"widget\" data-widget_type=\"qi_addons_for_elementor_button.default\">\n\t\t\t\t<div class=\"elementor-widget-container\">\n\t\t\t<a class=\"qodef-shortcode qodef-m  qodef-qi-button qodef-html--link qodef-layout--filled qodef-type--standard qodef-size--small  qodef-icon--right qodef-hover--icon-move-horizontal-short\" href=\"https:\/\/adamaxtransport.eu\/en\/towary-swieze-i-mrozone\/\" target=\"_self\">\n\t<span class=\"qodef-m-text\">see more<\/span>\n\t\t<span class=\"qodef-m-icon qodef--icon-color-set\">\n\t\t<span class=\"qodef-m-icon-inner\">\n\t\t\t<i aria-hidden=\"true\" class=\"fas fa-angle-right\"><\/i>\t\t\t\t\t<\/span>\n\t<\/span>\n<\/a>\n\t\t<\/div>\n\t\t\t\t<\/div>\n\t\t\t\t<\/div>\n\t\t<div class=\"elementor-element elementor-element-4ebb586 e-con-full e-flex e-con e-child\" data-id=\"4ebb586\" data-element_type=\"container\" data-settings=\"{&quot;background_background&quot;:&quot;classic&quot;,&quot;_ha_eqh_enable&quot;:false}\">\n\t\t\t\t<div class=\"elementor-element elementor-element-bdc12a2 elementor-widget elementor-widget-heading\" data-id=\"bdc12a2\" data-element_type=\"widget\" data-widget_type=\"heading.default\">\n\t\t\t\t<div class=\"elementor-widget-container\">\n\t\t\t<h2 class=\"elementor-heading-title elementor-size-default\">Flowers and plants <\/h2>\t\t<\/div>\n\t\t\t\t<\/div>\n\t\t\t\t<div class=\"elementor-element elementor-element-6c33fb3 elementor-widget elementor-widget-qi_addons_for_elementor_button\" data-id=\"6c33fb3\" data-element_type=\"widget\" data-widget_type=\"qi_addons_for_elementor_button.default\">\n\t\t\t\t<div class=\"elementor-widget-container\">\n\t\t\t<a class=\"qodef-shortcode qodef-m  qodef-qi-button qodef-html--link qodef-layout--filled qodef-type--standard qodef-size--small  qodef-icon--right qodef-hover--icon-move-horizontal-short\" href=\"https:\/\/adamaxtransport.eu\/en\/kwiaty-i-rosliny\/\" target=\"_self\">\n\t<span class=\"qodef-m-text\">see more<\/span>\n\t\t<span class=\"qodef-m-icon qodef--icon-color-set\">\n\t\t<span class=\"qodef-m-icon-inner\">\n\t\t\t<i aria-hidden=\"true\" class=\"fas fa-angle-right\"><\/i>\t\t\t\t\t<\/span>\n\t<\/span>\n<\/a>\n\t\t<\/div>\n\t\t\t\t<\/div>\n\t\t\t\t<\/div>\n\t\t\t\t<\/div>\n\t\t<div class=\"elementor-element elementor-element-f4197c4 e-con-full e-flex e-con e-child\" data-id=\"f4197c4\" data-element_type=\"container\" data-settings=\"{&quot;_ha_eqh_enable&quot;:false}\">\n\t\t<div class=\"elementor-element elementor-element-f85e86c e-con-full e-flex e-con e-child\" data-id=\"f85e86c\" data-element_type=\"container\" data-settings=\"{&quot;background_background&quot;:&quot;classic&quot;,&quot;_ha_eqh_enable&quot;:false}\">\n\t\t\t\t<div class=\"elementor-element elementor-element-e51281d elementor-widget elementor-widget-heading\" data-id=\"e51281d\" data-element_type=\"widget\" data-widget_type=\"heading.default\">\n\t\t\t\t<div class=\"elementor-widget-container\">\n\t\t\t<h2 class=\"elementor-heading-title elementor-size-default\">High value <\/h2>\t\t<\/div>\n\t\t\t\t<\/div>\n\t\t\t\t<div class=\"elementor-element elementor-element-0a7eca2 elementor-widget elementor-widget-qi_addons_for_elementor_button\" data-id=\"0a7eca2\" data-element_type=\"widget\" data-widget_type=\"qi_addons_for_elementor_button.default\">\n\t\t\t\t<div class=\"elementor-widget-container\">\n\t\t\t<a class=\"qodef-shortcode qodef-m  qodef-qi-button qodef-html--link qodef-layout--filled qodef-type--standard qodef-size--small  qodef-icon--right qodef-hover--icon-move-horizontal-short\" href=\"https:\/\/adamaxtransport.eu\/en\/wysoka-wartosc-2\/\" target=\"_self\">\n\t<span class=\"qodef-m-text\">see more<\/span>\n\t\t<span class=\"qodef-m-icon qodef--icon-color-set\">\n\t\t<span class=\"qodef-m-icon-inner\">\n\t\t\t<i aria-hidden=\"true\" class=\"fas fa-angle-right\"><\/i>\t\t\t\t\t<\/span>\n\t<\/span>\n<\/a>\n\t\t<\/div>\n\t\t\t\t<\/div>\n\t\t\t\t<\/div>\n\t\t<div class=\"elementor-element elementor-element-13fd89f e-con-full e-flex e-con e-child\" data-id=\"13fd89f\" data-element_type=\"container\" data-settings=\"{&quot;background_background&quot;:&quot;classic&quot;,&quot;_ha_eqh_enable&quot;:false}\">\n\t\t\t\t<div class=\"elementor-element elementor-element-45db8cb elementor-widget elementor-widget-heading\" data-id=\"45db8cb\" data-element_type=\"widget\" data-widget_type=\"heading.default\">\n\t\t\t\t<div class=\"elementor-widget-container\">\n\t\t\t<h2 class=\"elementor-heading-title elementor-size-default\">Returnable packaging <\/h2>\t\t<\/div>\n\t\t\t\t<\/div>\n\t\t\t\t<div class=\"elementor-element elementor-element-cfd0793 elementor-widget elementor-widget-qi_addons_for_elementor_button\" data-id=\"cfd0793\" data-element_type=\"widget\" data-widget_type=\"qi_addons_for_elementor_button.default\">\n\t\t\t\t<div class=\"elementor-widget-container\">\n\t\t\t<a class=\"qodef-shortcode qodef-m  qodef-qi-button qodef-html--link qodef-layout--filled qodef-type--standard qodef-size--small  qodef-icon--right qodef-hover--icon-move-horizontal-short\" href=\"https:\/\/adamaxtransport.eu\/en\/wysoka-wartosc-2\/\" target=\"_self\">\n\t<span class=\"qodef-m-text\">see more<\/span>\n\t\t<span class=\"qodef-m-icon qodef--icon-color-set\">\n\t\t<span class=\"qodef-m-icon-inner\">\n\t\t\t<i aria-hidden=\"true\" class=\"fas fa-angle-right\"><\/i>\t\t\t\t\t<\/span>\n\t<\/span>\n<\/a>\n\t\t<\/div>\n\t\t\t\t<\/div>\n\t\t\t\t<\/div>\n\t\t\t\t<\/div>\n\t\t\t\t\t<\/div>\n\t\t\t\t<\/div>\n\t\t\t\t<\/div>","protected":false},"excerpt":{"rendered":"<p>OPAKOWANIA ZWROTNE Jasne jest, \u017ce Pa\u0144stwa produkty transportowane s\u0105 na r\u00f3\u017cnych opakowaniach i zale\u017cy Pa\u0144stwu aby by\u0142y one zwracane terminowo oraz w odpowiednich ilo\u015bciach. Skontaktuj si\u0119 z nami w celu transportu lub magazynowania opakowa\u0144 wymiennych takich jak w\u00f3zki kwiatowe, boxy, skrzynki lub palety.\u00a0 Zapytaj o wycen\u0119 Skontaktuj si\u0119 z nami SPRAWD\u0179 POZOSTA\u0141E GRUPY PRODUKT\u00d3W Produkty&#8230;<\/p>","protected":false},"author":1,"featured_media":0,"parent":0,"menu_order":0,"comment_status":"closed","ping_status":"closed","template":"","meta":{"_kadence_starter_templates_imported_post":false,"_kad_post_transparent":"","_kad_post_title":"hide","_kad_post_layout":"fullwidth","_kad_post_sidebar_id":"","_kad_post_content_style":"unboxed","_kad_post_vertical_padding":"hide","_kad_post_feature":"hide","_kad_post_feature_position":"","_kad_post_header":false,"_kad_post_footer":false,"footnotes":""},"class_list":["post-8450","page","type-page","status-publish","hentry"],"_links":{"self":[{"href":"https:\/\/adamaxtransport.eu\/en\/wp-json\/wp\/v2\/pages\/8450"}],"collection":[{"href":"https:\/\/adamaxtransport.eu\/en\/wp-json\/wp\/v2\/pages"}],"about":[{"href":"https:\/\/adamaxtransport.eu\/en\/wp-json\/wp\/v2\/types\/page"}],"author":[{"embeddable":true,"href":"https:\/\/adamaxtransport.eu\/en\/wp-json\/wp\/v2\/users\/1"}],"replies":[{"embeddable":true,"href":"https:\/\/adamaxtransport.eu\/en\/wp-json\/wp\/v2\/comments?post=8450"}],"version-history":[{"count":16,"href":"https:\/\/adamaxtransport.eu\/en\/wp-json\/wp\/v2\/pages\/8450\/revisions"}],"predecessor-version":[{"id":9633,"href":"https:\/\/adamaxtransport.eu\/en\/wp-json\/wp\/v2\/pages\/8450\/revisions\/9633"}],"wp:attachment":[{"href":"https:\/\/adamaxtransport.eu\/en\/wp-json\/wp\/v2\/media?parent=8450"}],"curies":[{"name":"wp","href":"https:\/\/api.w.org\/{rel}","templated":true}]}}