{"id":8473,"date":"2024-04-10T11:25:19","date_gmt":"2024-04-10T11:25:19","guid":{"rendered":"https:\/\/adamaxtransport.eu\/?page_id=8473"},"modified":"2024-04-10T12:42:35","modified_gmt":"2024-04-10T12:42:35","slug":"ogolne-warunki-zlecenia-transportowego","status":"publish","type":"page","link":"https:\/\/adamaxtransport.eu\/en\/ogolne-warunki-zlecenia-transportowego\/","title":{"rendered":"Elementor #8473"},"content":{"rendered":"<div data-elementor-type=\"wp-page\" data-elementor-id=\"8473\" class=\"elementor elementor-8473\" data-elementor-post-type=\"page\">\n\t\t\t\t<div class=\"elementor-element elementor-element-3384ba0 e-flex e-con-boxed e-con e-parent\" data-id=\"3384ba0\" data-element_type=\"container\" data-settings=\"{&quot;_ha_eqh_enable&quot;:false}\">\n\t\t\t\t\t<div class=\"e-con-inner\">\n\t\t\t\t<div class=\"elementor-element elementor-element-5aca00e elementor-widget elementor-widget-heading\" data-id=\"5aca00e\" data-element_type=\"widget\" data-widget_type=\"heading.default\">\n\t\t\t\t<div class=\"elementor-widget-container\">\n\t\t\t<h2 class=\"elementor-heading-title elementor-size-default\">WARUNKI OG\u00d3LNE ZLECENIA TRANSPORTOWEGO <\/h2>\t\t<\/div>\n\t\t\t\t<\/div>\n\t\t\t\t\t<\/div>\n\t\t\t\t<\/div>\n\t\t<div class=\"elementor-element elementor-element-17af787 e-flex e-con-boxed e-con e-parent\" data-id=\"17af787\" data-element_type=\"container\" data-settings=\"{&quot;_ha_eqh_enable&quot;:false}\">\n\t\t\t\t\t<div class=\"e-con-inner\">\n\t\t\t\t<div class=\"elementor-element elementor-element-0e1beed elementor-widget elementor-widget-text-editor\" data-id=\"0e1beed\" data-element_type=\"widget\" data-widget_type=\"text-editor.default\">\n\t\t\t\t<div class=\"elementor-widget-container\">\n\t\t\t\t\t\t\t<p>Warunki te s\u0105 integraln\u0105 cz\u0119\u015bci\u0105 ka\u017cdego zlecenia transportowego.\u00a0<\/p>\t\t\t\t\t\t<\/div>\n\t\t\t\t<\/div>\n\t\t\t\t\t<\/div>\n\t\t\t\t<\/div>\n\t\t<div class=\"elementor-element elementor-element-558a87c e-flex e-con-boxed e-con e-parent\" data-id=\"558a87c\" data-element_type=\"container\" data-settings=\"{&quot;_ha_eqh_enable&quot;:false}\">\n\t\t\t\t\t<div class=\"e-con-inner\">\n\t\t\t\t<div class=\"elementor-element elementor-element-59502cd elementor-widget elementor-widget-ha-pdf-view happy-addon ha-pdf-view\" data-id=\"59502cd\" data-element_type=\"widget\" data-widget_type=\"ha-pdf-view.default\">\n\t\t\t\t<div class=\"elementor-widget-container\">\n\t\t\t        <div class=\"pdf_viewer_container\">\n            <div class=\"pdf_viewer_options viewer-59502cd\" data-pdf-settings=\"{&quot;unique_id&quot;:&quot;viewer-59502cd&quot;,&quot;pdf_url&quot;:&quot;https:\\\/\\\/adamaxtransport.eu\\\/wp-content\\\/uploads\\\/2024\\\/04\\\/WARUNKI-OGOLNE-ZLECENIA-TRANSPORTOWEG1.pdf&quot;,&quot;file_type&quot;:&quot;upload_file&quot;,&quot;page_number&quot;:&quot;1&quot;,&quot;width&quot;:&quot;100%&quot;,&quot;height&quot;:&quot;600px&quot;}\">\n\t\t\t\t<span class=\"ha-title-flex\">\n\t\t\t\t\t<span class=\"pdf-icon\">\n\t\t\t\t\t\t\t\t\t\t\t<\/span>\n\t\t\t\t\t\t\t\t\t<\/span>\n\t\t\t\t                <div class=\"pdf-button\">\n                                <\/div>\n            <\/div>\n\n\t\t\t<div>\n\t\t\t\t<div id=\"viewer-59502cd\"><\/div>\n\t\t\t<\/div>\n\n        <\/div>\n        \t\t<\/div>\n\t\t\t\t<\/div>\n\t\t\t\t\t<\/div>\n\t\t\t\t<\/div>\n\t\t\t\t<\/div>","protected":false},"excerpt":{"rendered":"<p>WARUNKI OG\u00d3LNE ZLECENIA TRANSPORTOWEGO Warunki te s\u0105 integraln\u0105 cz\u0119\u015bci\u0105 ka\u017cdego zlecenia transportowego.\u00a0<\/p>","protected":false},"author":1,"featured_media":0,"parent":0,"menu_order":0,"comment_status":"closed","ping_status":"closed","template":"","meta":{"_kadence_starter_templates_imported_post":false,"_kad_post_transparent":"","_kad_post_title":"hide","_kad_post_layout":"fullwidth","_kad_post_sidebar_id":"","_kad_post_content_style":"unboxed","_kad_post_vertical_padding":"hide","_kad_post_feature":"hide","_kad_post_feature_position":"","_kad_post_header":false,"_kad_post_footer":false,"footnotes":""},"class_list":["post-8473","page","type-page","status-publish","hentry"],"_links":{"self":[{"href":"https:\/\/adamaxtransport.eu\/en\/wp-json\/wp\/v2\/pages\/8473"}],"collection":[{"href":"https:\/\/adamaxtransport.eu\/en\/wp-json\/wp\/v2\/pages"}],"about":[{"href":"https:\/\/adamaxtransport.eu\/en\/wp-json\/wp\/v2\/types\/page"}],"author":[{"embeddable":true,"href":"https:\/\/adamaxtransport.eu\/en\/wp-json\/wp\/v2\/users\/1"}],"replies":[{"embeddable":true,"href":"https:\/\/adamaxtransport.eu\/en\/wp-json\/wp\/v2\/comments?post=8473"}],"version-history":[{"count":13,"href":"https:\/\/adamaxtransport.eu\/en\/wp-json\/wp\/v2\/pages\/8473\/revisions"}],"predecessor-version":[{"id":8489,"href":"https:\/\/adamaxtransport.eu\/en\/wp-json\/wp\/v2\/pages\/8473\/revisions\/8489"}],"wp:attachment":[{"href":"https:\/\/adamaxtransport.eu\/en\/wp-json\/wp\/v2\/media?parent=8473"}],"curies":[{"name":"wp","href":"https:\/\/api.w.org\/{rel}","templated":true}]}}