{"id":9671,"date":"2025-06-10T10:51:01","date_gmt":"2025-06-10T10:51:01","guid":{"rendered":"https:\/\/adamaxtransport.eu\/?page_id=9671"},"modified":"2025-07-09T21:33:32","modified_gmt":"2025-07-09T21:33:32","slug":"ogolne-warunki-dla-przewoznikow","status":"publish","type":"page","link":"https:\/\/adamaxtransport.eu\/en\/ogolne-warunki-dla-przewoznikow\/","title":{"rendered":"Og\u00f3lne warunki dla Przewo\u017anik\u00f3w"},"content":{"rendered":"<div data-elementor-type=\"wp-page\" data-elementor-id=\"9671\" class=\"elementor elementor-9671\" data-elementor-post-type=\"page\">\n\t\t\t\t<div class=\"elementor-element elementor-element-e78f943 e-flex e-con-boxed e-con e-parent\" data-id=\"e78f943\" data-element_type=\"container\" data-settings=\"{&quot;_ha_eqh_enable&quot;:false}\">\n\t\t\t\t\t<div class=\"e-con-inner\">\n\t\t<div class=\"elementor-element elementor-element-eaa55ee e-con-full e-flex e-con e-child\" data-id=\"eaa55ee\" data-element_type=\"container\" data-settings=\"{&quot;_ha_eqh_enable&quot;:false}\">\n\t\t\t\t<div class=\"elementor-element elementor-element-564dbb1e elementor-invisible elementor-widget elementor-widget-heading\" data-id=\"564dbb1e\" data-element_type=\"widget\" data-settings=\"{&quot;_animation&quot;:&quot;fadeIn&quot;}\" data-widget_type=\"heading.default\">\n\t\t\t\t<div class=\"elementor-widget-container\">\n\t\t\t<h1 class=\"elementor-heading-title elementor-size-default\">Og\u00f3lne warunki dla Przewo\u017anik\u00f3w ADAMAX Sp. z o.o.<\/h1>\t\t<\/div>\n\t\t\t\t<\/div>\n\t\t\t\t<\/div>\n\t\t<div class=\"elementor-element elementor-element-1b6c3b3 e-con-full e-flex e-con e-child\" data-id=\"1b6c3b3\" data-element_type=\"container\" data-settings=\"{&quot;_ha_eqh_enable&quot;:false}\">\n\t\t\t\t<div class=\"elementor-element elementor-element-7a87eddc elementor-widget elementor-widget-heading\" data-id=\"7a87eddc\" data-element_type=\"widget\" data-widget_type=\"heading.default\">\n\t\t\t\t<div class=\"elementor-widget-container\">\n\t\t\t<h5 class=\"elementor-heading-title elementor-size-default\">Poni\u017cej mo\u017cesz pobra\u0107 og\u00f3lne warunki dla przewo\u017anik\u00f3w kt\u00f3re maj\u0105 zastosowanie do realizowanych transport\u00f3w. Warunki te s\u0105 integraln\u0105cz\u0119\u015bci\u0105 ka\u017cdego zlecenia transportowego.<\/h5>\t\t<\/div>\n\t\t\t\t<\/div>\n\t\t\t\t<div class=\"elementor-element elementor-element-bcce4fc elementor-widget elementor-widget-qi_addons_for_elementor_button\" data-id=\"bcce4fc\" data-element_type=\"widget\" data-widget_type=\"qi_addons_for_elementor_button.default\">\n\t\t\t\t<div class=\"elementor-widget-container\">\n\t\t\t<a class=\"qodef-shortcode qodef-m  qodef-qi-button qodef-html--link qodef-layout--filled qodef-type--standard qodef-size--small  qodef-icon--right qodef-hover--icon-move-horizontal-short\" href=\"https:\/\/adamaxtransport.eu\/wp-content\/uploads\/2025\/06\/OGOLNE-WARUNKI-DLA-PRZEWOZNIKOW-ADAMAX.pdf\" target=\"_self\">\n\t<span class=\"qodef-m-text\">Pobierz tutaj<\/span>\n\t\t<span class=\"qodef-m-icon qodef--icon-color-set\">\n\t\t<span class=\"qodef-m-icon-inner\">\n\t\t\t<i aria-hidden=\"true\" class=\"fas fa-angle-right\"><\/i>\t\t\t\t\t<\/span>\n\t<\/span>\n<\/a>\n\t\t<\/div>\n\t\t\t\t<\/div>\n\t\t\t\t<\/div>\n\t\t\t\t\t<\/div>\n\t\t\t\t<\/div>\n\t\t<div class=\"elementor-element elementor-element-57e21bc e-flex e-con-boxed e-con e-parent\" data-id=\"57e21bc\" data-element_type=\"container\" data-settings=\"{&quot;_ha_eqh_enable&quot;:false}\">\n\t\t\t\t\t<div class=\"e-con-inner\">\n\t\t\t\t<div class=\"elementor-element elementor-element-a02a4a8 elementor-widget elementor-widget-ha-pdf-view happy-addon ha-pdf-view\" data-id=\"a02a4a8\" data-element_type=\"widget\" data-widget_type=\"ha-pdf-view.default\">\n\t\t\t\t<div class=\"elementor-widget-container\">\n\t\t\t        <div class=\"pdf_viewer_container\">\n            <div class=\"pdf_viewer_options viewer-a02a4a8\" data-pdf-settings=\"{&quot;unique_id&quot;:&quot;viewer-a02a4a8&quot;,&quot;pdf_url&quot;:&quot;https:\\\/\\\/adamaxtransport.eu\\\/wp-content\\\/uploads\\\/2025\\\/06\\\/OGOLNE-WARUNKI-DLA-PRZEWOZNIKOW-ADAMAX.pdf&quot;,&quot;file_type&quot;:&quot;url&quot;,&quot;page_number&quot;:&quot;1&quot;,&quot;width&quot;:&quot;100%&quot;,&quot;height&quot;:&quot;600px&quot;}\">\n\t\t\t\t<span class=\"ha-title-flex\">\n\t\t\t\t\t<span class=\"pdf-icon\">\n\t\t\t\t\t\t\t\t\t\t\t<\/span>\n\t\t\t\t\t\t\t\t\t<\/span>\n\t\t\t\t                <div class=\"pdf-button\">\n                                <\/div>\n            <\/div>\n\n\t\t\t<div>\n\t\t\t\t<div id=\"viewer-a02a4a8\"><\/div>\n\t\t\t<\/div>\n\n        <\/div>\n        \t\t<\/div>\n\t\t\t\t<\/div>\n\t\t\t\t\t<\/div>\n\t\t\t\t<\/div>\n\t\t\t\t<\/div>","protected":false},"excerpt":{"rendered":"<p>Og\u00f3lne warunki dla Przewo\u017anik\u00f3w ADAMAX Sp. z o.o. Poni\u017cej mo\u017cesz pobra\u0107 og\u00f3lne warunki dla przewo\u017anik\u00f3w kt\u00f3re maj\u0105 zastosowanie do realizowanych transport\u00f3w. Warunki te s\u0105 integraln\u0105cz\u0119\u015bci\u0105 ka\u017cdego zlecenia transportowego. Pobierz tutaj<\/p>","protected":false},"author":1,"featured_media":0,"parent":0,"menu_order":0,"comment_status":"closed","ping_status":"closed","template":"","meta":{"_kadence_starter_templates_imported_post":false,"_kad_post_transparent":"","_kad_post_title":"hide","_kad_post_layout":"fullwidth","_kad_post_sidebar_id":"","_kad_post_content_style":"unboxed","_kad_post_vertical_padding":"hide","_kad_post_feature":"hide","_kad_post_feature_position":"","_kad_post_header":false,"_kad_post_footer":false,"footnotes":""},"class_list":["post-9671","page","type-page","status-publish","hentry"],"_links":{"self":[{"href":"https:\/\/adamaxtransport.eu\/en\/wp-json\/wp\/v2\/pages\/9671"}],"collection":[{"href":"https:\/\/adamaxtransport.eu\/en\/wp-json\/wp\/v2\/pages"}],"about":[{"href":"https:\/\/adamaxtransport.eu\/en\/wp-json\/wp\/v2\/types\/page"}],"author":[{"embeddable":true,"href":"https:\/\/adamaxtransport.eu\/en\/wp-json\/wp\/v2\/users\/1"}],"replies":[{"embeddable":true,"href":"https:\/\/adamaxtransport.eu\/en\/wp-json\/wp\/v2\/comments?post=9671"}],"version-history":[{"count":17,"href":"https:\/\/adamaxtransport.eu\/en\/wp-json\/wp\/v2\/pages\/9671\/revisions"}],"predecessor-version":[{"id":9748,"href":"https:\/\/adamaxtransport.eu\/en\/wp-json\/wp\/v2\/pages\/9671\/revisions\/9748"}],"wp:attachment":[{"href":"https:\/\/adamaxtransport.eu\/en\/wp-json\/wp\/v2\/media?parent=9671"}],"curies":[{"name":"wp","href":"https:\/\/api.w.org\/{rel}","templated":true}]}}